{"id":14865,"date":"2022-09-25T08:32:29","date_gmt":"2022-09-25T08:32:29","guid":{"rendered":"https:\/\/newsite.com\/test-and-finishing\/"},"modified":"2024-02-29T12:54:41","modified_gmt":"2024-02-29T12:54:41","slug":"pruefung-und-fertigstellung","status":"publish","type":"page","link":"https:\/\/4jmsolutions.com\/de\/ausruestung\/halbleiter-sensor-einzelne-komponenten\/pruefung-und-fertigstellung\/","title":{"rendered":"Pr\u00fcfung und Fertigstellung"},"content":{"rendered":"\t\t<div data-elementor-type=\"wp-page\" data-elementor-id=\"14865\" class=\"elementor elementor-14865\" data-elementor-post-type=\"page\">\n\t\t\t\t\t\t<section data-particle_enable=\"false\" data-particle-mobile-disabled=\"false\" class=\"elementor-section elementor-top-section elementor-element elementor-element-38ecf374 elementor-section-boxed elementor-section-height-default elementor-section-height-default\" data-id=\"38ecf374\" data-element_type=\"section\">\n\t\t\t\t\t\t<div class=\"elementor-container elementor-column-gap-default\">\n\t\t\t\t\t<div class=\"elementor-column elementor-col-100 elementor-top-column elementor-element elementor-element-57ccaa7b\" data-id=\"57ccaa7b\" data-element_type=\"column\">\n\t\t\t<div class=\"elementor-widget-wrap elementor-element-populated\">\n\t\t\t\t\t\t<div class=\"elementor-element elementor-element-4035101e elementor-widget elementor-widget-heading\" data-id=\"4035101e\" data-element_type=\"widget\" data-widget_type=\"heading.default\">\n\t\t\t\t<div class=\"elementor-widget-container\">\n\t\t\t<style>\/*! elementor - v3.19.0 - 28-02-2024 *\/\n.elementor-heading-title{padding:0;margin:0;line-height:1}.elementor-widget-heading .elementor-heading-title[class*=elementor-size-]>a{color:inherit;font-size:inherit;line-height:inherit}.elementor-widget-heading .elementor-heading-title.elementor-size-small{font-size:15px}.elementor-widget-heading .elementor-heading-title.elementor-size-medium{font-size:19px}.elementor-widget-heading .elementor-heading-title.elementor-size-large{font-size:29px}.elementor-widget-heading .elementor-heading-title.elementor-size-xl{font-size:39px}.elementor-widget-heading .elementor-heading-title.elementor-size-xxl{font-size:59px}<\/style><h2 class=\"elementor-heading-title elementor-size-default\">Pr\u00fcfung und Fertigstellung<\/h2>\t\t<\/div>\n\t\t\t\t<\/div>\n\t\t\t\t<div class=\"elementor-element elementor-element-35d7996b elementor-widget elementor-widget-text-editor\" data-id=\"35d7996b\" data-element_type=\"widget\" data-widget_type=\"text-editor.default\">\n\t\t\t\t<div class=\"elementor-widget-container\">\n\t\t\t<style>\/*! elementor - v3.19.0 - 28-02-2024 *\/\n.elementor-widget-text-editor.elementor-drop-cap-view-stacked .elementor-drop-cap{background-color:#69727d;color:#fff}.elementor-widget-text-editor.elementor-drop-cap-view-framed .elementor-drop-cap{color:#69727d;border:3px solid;background-color:transparent}.elementor-widget-text-editor:not(.elementor-drop-cap-view-default) .elementor-drop-cap{margin-top:8px}.elementor-widget-text-editor:not(.elementor-drop-cap-view-default) .elementor-drop-cap-letter{width:1em;height:1em}.elementor-widget-text-editor .elementor-drop-cap{float:left;text-align:center;line-height:1;font-size:50px}.elementor-widget-text-editor .elementor-drop-cap-letter{display:inline-block}<\/style>\t\t\t\t<h5>Mit einer breiten Palette an Test- und Endbearbeitungsger\u00e4ten ist es sicher, dass 4JMSolutions jede Anforderung erf\u00fcllen kann. Unsere Test- und Endbearbeitungsl\u00f6sungen geh\u00f6ren zu den besten in der Branche und bieten auch eine schl\u00fcsselfertige Option mit Testhardware und Anwendungstechnik.<\/h5><h5>Unser Angebot reicht von der BI-Pr\u00fcfung bis zur Endpr\u00fcfung f\u00fcr MEMS, SENSOREN, OPTIK und PHOTONIK, POWER und DISKRETE KOMPONENTEN.<\/h5><h5>Mit unserer langj\u00e4hrigen Erfahrung in den Bereichen Pr\u00fcfung und Visionskontrolle \u00fcbertreffen wir kontinuierlich die Erwartungen unserer Kunden, indem wir ihnen hervorragende Dienstleistungen und L\u00f6sungen anbieten.<\/h5>\t\t\t\t\t\t<\/div>\n\t\t\t\t<\/div>\n\t\t\t\t<div class=\"elementor-element elementor-element-5b36f5fc elementor-grid-4 elementor-posts--align-center elementor-grid-tablet-2 elementor-grid-mobile-1 elementor-posts--thumbnail-top elementor-card-shadow-yes elementor-posts__hover-gradient elementor-widget elementor-widget-posts\" data-id=\"5b36f5fc\" data-element_type=\"widget\" data-settings=\"{&quot;cards_columns&quot;:&quot;4&quot;,&quot;cards_columns_tablet&quot;:&quot;2&quot;,&quot;cards_columns_mobile&quot;:&quot;1&quot;,&quot;cards_row_gap&quot;:{&quot;unit&quot;:&quot;px&quot;,&quot;size&quot;:35,&quot;sizes&quot;:[]},&quot;cards_row_gap_tablet&quot;:{&quot;unit&quot;:&quot;px&quot;,&quot;size&quot;:&quot;&quot;,&quot;sizes&quot;:[]},&quot;cards_row_gap_mobile&quot;:{&quot;unit&quot;:&quot;px&quot;,&quot;size&quot;:&quot;&quot;,&quot;sizes&quot;:[]}}\" data-widget_type=\"posts.cards\">\n\t\t\t\t<div class=\"elementor-widget-container\">\n\t\t\t<link rel=\"stylesheet\" href=\"http:\/\/4jmsolutions.com\/wp-content\/plugins\/elementor-pro\/assets\/css\/widget-posts.min.css\">\t\t<div class=\"elementor-posts-container elementor-posts elementor-posts--skin-cards elementor-grid\">\n\t\t\t\t<article class=\"elementor-post elementor-grid-item post-14919 page type-page status-publish has-post-thumbnail hentry\">\n\t\t\t<div class=\"elementor-post__card\">\n\t\t\t\t<a class=\"elementor-post__thumbnail__link\" href=\"https:\/\/4jmsolutions.com\/de\/ausruestung\/halbleiter-sensor-einzelne-komponenten\/pruefung-und-fertigstellung\/testers\/\" tabindex=\"-1\" ><div class=\"elementor-post__thumbnail\"><img fetchpriority=\"high\" decoding=\"async\" width=\"635\" height=\"463\" src=\"https:\/\/4jmsolutions.com\/wp-content\/uploads\/2022\/11\/testers-thumbnail.png\" class=\"attachment-full size-full wp-image-13592\" alt=\"\" srcset=\"https:\/\/4jmsolutions.com\/wp-content\/uploads\/2022\/11\/testers-thumbnail.png 635w, https:\/\/4jmsolutions.com\/wp-content\/uploads\/2022\/11\/testers-thumbnail-300x219.png 300w\" sizes=\"(max-width: 635px) 100vw, 635px\" \/><\/div><\/a>\n\t\t\t\t<div class=\"elementor-post__text\">\n\t\t\t\t<h3 class=\"elementor-post__title\">\n\t\t\t<a href=\"https:\/\/4jmsolutions.com\/de\/ausruestung\/halbleiter-sensor-einzelne-komponenten\/pruefung-und-fertigstellung\/testers\/\" >\n\t\t\t\tIn-Circuit Tester\t\t\t<\/a>\n\t\t<\/h3>\n\t\t\t\t<\/div>\n\t\t\t\t\t<\/div>\n\t\t<\/article>\n\t\t\t\t<article class=\"elementor-post elementor-grid-item post-14907 page type-page status-publish has-post-thumbnail hentry\">\n\t\t\t<div class=\"elementor-post__card\">\n\t\t\t\t<a class=\"elementor-post__thumbnail__link\" href=\"https:\/\/4jmsolutions.com\/de\/ausruestung\/halbleiter-sensor-einzelne-komponenten\/pruefung-und-fertigstellung\/aoi\/\" tabindex=\"-1\" ><div class=\"elementor-post__thumbnail\"><img decoding=\"async\" width=\"635\" height=\"463\" src=\"https:\/\/4jmsolutions.com\/wp-content\/uploads\/2022\/11\/AOI-thumbnail.png\" class=\"attachment-full size-full wp-image-13560\" alt=\"\" srcset=\"https:\/\/4jmsolutions.com\/wp-content\/uploads\/2022\/11\/AOI-thumbnail.png 635w, https:\/\/4jmsolutions.com\/wp-content\/uploads\/2022\/11\/AOI-thumbnail-300x219.png 300w\" sizes=\"(max-width: 635px) 100vw, 635px\" \/><\/div><\/a>\n\t\t\t\t<div class=\"elementor-post__text\">\n\t\t\t\t<h3 class=\"elementor-post__title\">\n\t\t\t<a href=\"https:\/\/4jmsolutions.com\/de\/ausruestung\/halbleiter-sensor-einzelne-komponenten\/pruefung-und-fertigstellung\/aoi\/\" >\n\t\t\t\tAOI-Maschinen f\u00fcr Halbleiter\t\t\t<\/a>\n\t\t<\/h3>\n\t\t\t\t<\/div>\n\t\t\t\t\t<\/div>\n\t\t<\/article>\n\t\t\t\t<article class=\"elementor-post elementor-grid-item post-14881 page type-page status-publish has-post-thumbnail hentry\">\n\t\t\t<div class=\"elementor-post__card\">\n\t\t\t\t<a class=\"elementor-post__thumbnail__link\" href=\"https:\/\/4jmsolutions.com\/de\/ausruestung\/halbleiter-sensor-einzelne-komponenten\/pruefung-und-fertigstellung\/test-handler-maschinen\/\" tabindex=\"-1\" ><div class=\"elementor-post__thumbnail\"><img decoding=\"async\" width=\"635\" height=\"463\" src=\"https:\/\/4jmsolutions.com\/wp-content\/uploads\/2022\/11\/test-handler-thumbnail.png\" class=\"attachment-full size-full wp-image-13482\" alt=\"\" srcset=\"https:\/\/4jmsolutions.com\/wp-content\/uploads\/2022\/11\/test-handler-thumbnail.png 635w, https:\/\/4jmsolutions.com\/wp-content\/uploads\/2022\/11\/test-handler-thumbnail-300x219.png 300w\" sizes=\"(max-width: 635px) 100vw, 635px\" \/><\/div><\/a>\n\t\t\t\t<div class=\"elementor-post__text\">\n\t\t\t\t<h3 class=\"elementor-post__title\">\n\t\t\t<a href=\"https:\/\/4jmsolutions.com\/de\/ausruestung\/halbleiter-sensor-einzelne-komponenten\/pruefung-und-fertigstellung\/test-handler-maschinen\/\" >\n\t\t\t\tTest-Handler-Maschinen\t\t\t<\/a>\n\t\t<\/h3>\n\t\t\t\t<\/div>\n\t\t\t\t\t<\/div>\n\t\t<\/article>\n\t\t\t\t<article class=\"elementor-post elementor-grid-item post-14962 page type-page status-publish has-post-thumbnail hentry\">\n\t\t\t<div class=\"elementor-post__card\">\n\t\t\t\t<a class=\"elementor-post__thumbnail__link\" href=\"https:\/\/4jmsolutions.com\/de\/ausruestung\/halbleiter-sensor-einzelne-komponenten\/pruefung-und-fertigstellung\/einbrennen\/\" tabindex=\"-1\" ><div class=\"elementor-post__thumbnail\"><img loading=\"lazy\" decoding=\"async\" width=\"635\" height=\"463\" src=\"https:\/\/4jmsolutions.com\/wp-content\/uploads\/2022\/11\/Burn-In-thumbnail.png\" class=\"attachment-full size-full wp-image-13468\" alt=\"\" srcset=\"https:\/\/4jmsolutions.com\/wp-content\/uploads\/2022\/11\/Burn-In-thumbnail.png 635w, https:\/\/4jmsolutions.com\/wp-content\/uploads\/2022\/11\/Burn-In-thumbnail-300x219.png 300w\" sizes=\"(max-width: 635px) 100vw, 635px\" \/><\/div><\/a>\n\t\t\t\t<div class=\"elementor-post__text\">\n\t\t\t\t<h3 class=\"elementor-post__title\">\n\t\t\t<a href=\"https:\/\/4jmsolutions.com\/de\/ausruestung\/halbleiter-sensor-einzelne-komponenten\/pruefung-und-fertigstellung\/einbrennen\/\" >\n\t\t\t\tBurn-In\t\t\t<\/a>\n\t\t<\/h3>\n\t\t\t\t<\/div>\n\t\t\t\t\t<\/div>\n\t\t<\/article>\n\t\t\t\t<\/div>\n\t\t\n\t\t\t\t<\/div>\n\t\t\t\t<\/div>\n\t\t\t\t\t<\/div>\n\t\t<\/div>\n\t\t\t\t\t<\/div>\n\t\t<\/section>\n\t\t\t\t<\/div>\n\t\t","protected":false},"excerpt":{"rendered":"<p>Pr\u00fcfung und Fertigstellung Mit einer breiten Palette an Test- und Endbearbeitungsger\u00e4ten ist es sicher, dass 4JMSolutions jede Anforderung erf\u00fcllen kann. Unsere Test- und Endbearbeitungsl\u00f6sungen geh\u00f6ren<\/p>\n","protected":false},"author":1,"featured_media":13482,"parent":14946,"menu_order":161,"comment_status":"closed","ping_status":"closed","template":"","meta":{"footnotes":""},"industry":[],"maincategory":[],"package":[],"process-features":[],"sub-category":[],"acf":[],"yoast_head":"<!-- This site is optimized with the Yoast SEO Premium plugin v20.5 (Yoast SEO v22.1) - https:\/\/yoast.com\/wordpress\/plugins\/seo\/ -->\n<title>Pr\u00fcfung und Fertigstellung - 4JMSolutions<\/title>\n<meta name=\"description\" content=\"Our range extends from BI Testing to Final test for MEMS, SENSORS, OPTICS and PHOTONICS, POWER and DISCRETE COMPONENTS.\" \/>\n<meta name=\"robots\" content=\"index, follow, max-snippet:-1, max-image-preview:large, max-video-preview:-1\" \/>\n<link rel=\"canonical\" href=\"https:\/\/4jmsolutions.com\/de\/ausruestung\/halbleiter-sensor-einzelne-komponenten\/pruefung-und-fertigstellung\/\" \/>\n<meta property=\"og:locale\" content=\"de_DE\" \/>\n<meta property=\"og:type\" content=\"article\" \/>\n<meta property=\"og:title\" content=\"Pr\u00fcfung und Fertigstellung\" \/>\n<meta property=\"og:description\" content=\"Our range extends from BI Testing to Final test for MEMS, SENSORS, OPTICS and PHOTONICS, POWER and DISCRETE COMPONENTS.\" \/>\n<meta property=\"og:url\" content=\"https:\/\/4jmsolutions.com\/de\/ausruestung\/halbleiter-sensor-einzelne-komponenten\/pruefung-und-fertigstellung\/\" \/>\n<meta property=\"og:site_name\" content=\"4JMSolutions\" \/>\n<meta property=\"article:modified_time\" content=\"2024-02-29T12:54:41+00:00\" \/>\n<meta property=\"og:image\" content=\"https:\/\/4jmsolutions.com\/wp-content\/uploads\/2022\/11\/test-handler-thumbnail.png\" \/>\n\t<meta property=\"og:image:width\" content=\"635\" \/>\n\t<meta property=\"og:image:height\" content=\"463\" \/>\n\t<meta property=\"og:image:type\" content=\"image\/png\" \/>\n<meta name=\"twitter:card\" content=\"summary_large_image\" \/>\n<meta name=\"twitter:label1\" content=\"Gesch\u00e4tzte Lesezeit\" \/>\n\t<meta name=\"twitter:data1\" content=\"1\u00a0Minute\" \/>\n<script type=\"application\/ld+json\" class=\"yoast-schema-graph\">{\"@context\":\"https:\/\/schema.org\",\"@graph\":[{\"@type\":\"WebPage\",\"@id\":\"https:\/\/4jmsolutions.com\/de\/ausruestung\/halbleiter-sensor-einzelne-komponenten\/pruefung-und-fertigstellung\/\",\"url\":\"https:\/\/4jmsolutions.com\/de\/ausruestung\/halbleiter-sensor-einzelne-komponenten\/pruefung-und-fertigstellung\/\",\"name\":\"Pr\u00fcfung und Fertigstellung - 4JMSolutions\",\"isPartOf\":{\"@id\":\"https:\/\/4jmsolutions.com\/#website\"},\"datePublished\":\"2022-09-25T08:32:29+00:00\",\"dateModified\":\"2024-02-29T12:54:41+00:00\",\"description\":\"Our range extends from BI Testing to Final test for MEMS, SENSORS, OPTICS and PHOTONICS, POWER and DISCRETE COMPONENTS.\",\"breadcrumb\":{\"@id\":\"https:\/\/4jmsolutions.com\/de\/ausruestung\/halbleiter-sensor-einzelne-komponenten\/pruefung-und-fertigstellung\/#breadcrumb\"},\"inLanguage\":\"de\",\"potentialAction\":[{\"@type\":\"ReadAction\",\"target\":[\"https:\/\/4jmsolutions.com\/de\/ausruestung\/halbleiter-sensor-einzelne-komponenten\/pruefung-und-fertigstellung\/\"]}]},{\"@type\":\"BreadcrumbList\",\"@id\":\"https:\/\/4jmsolutions.com\/de\/ausruestung\/halbleiter-sensor-einzelne-komponenten\/pruefung-und-fertigstellung\/#breadcrumb\",\"itemListElement\":[{\"@type\":\"ListItem\",\"position\":1,\"name\":\"Home\",\"item\":\"https:\/\/4jmsolutions.com\/de\/\"},{\"@type\":\"ListItem\",\"position\":2,\"name\":\"Ausr\u00fcstung\",\"item\":\"https:\/\/4jmsolutions.com\/de\/ausruestung\/\"},{\"@type\":\"ListItem\",\"position\":3,\"name\":\"Halbleiter Sensor Einzelne Komponenten\",\"item\":\"https:\/\/4jmsolutions.com\/de\/ausruestung\/halbleiter-sensor-einzelne-komponenten\/\"},{\"@type\":\"ListItem\",\"position\":4,\"name\":\"Pr\u00fcfung und Fertigstellung\"}]},{\"@type\":\"WebSite\",\"@id\":\"https:\/\/4jmsolutions.com\/#website\",\"url\":\"https:\/\/4jmsolutions.com\/\",\"name\":\"4JMSolutions\",\"description\":\"\",\"potentialAction\":[{\"@type\":\"SearchAction\",\"target\":{\"@type\":\"EntryPoint\",\"urlTemplate\":\"https:\/\/4jmsolutions.com\/?s={search_term_string}\"},\"query-input\":\"required name=search_term_string\"}],\"inLanguage\":\"de\"}]}<\/script>\n<!-- \/ Yoast SEO Premium plugin. -->","yoast_head_json":{"title":"Pr\u00fcfung und Fertigstellung - 4JMSolutions","description":"Our range extends from BI Testing to Final test for MEMS, SENSORS, OPTICS and PHOTONICS, POWER and DISCRETE COMPONENTS.","robots":{"index":"index","follow":"follow","max-snippet":"max-snippet:-1","max-image-preview":"max-image-preview:large","max-video-preview":"max-video-preview:-1"},"canonical":"https:\/\/4jmsolutions.com\/de\/ausruestung\/halbleiter-sensor-einzelne-komponenten\/pruefung-und-fertigstellung\/","og_locale":"de_DE","og_type":"article","og_title":"Pr\u00fcfung und Fertigstellung","og_description":"Our range extends from BI Testing to Final test for MEMS, SENSORS, OPTICS and PHOTONICS, POWER and DISCRETE COMPONENTS.","og_url":"https:\/\/4jmsolutions.com\/de\/ausruestung\/halbleiter-sensor-einzelne-komponenten\/pruefung-und-fertigstellung\/","og_site_name":"4JMSolutions","article_modified_time":"2024-02-29T12:54:41+00:00","og_image":[{"width":635,"height":463,"url":"https:\/\/4jmsolutions.com\/wp-content\/uploads\/2022\/11\/test-handler-thumbnail.png","type":"image\/png"}],"twitter_card":"summary_large_image","twitter_misc":{"Gesch\u00e4tzte Lesezeit":"1\u00a0Minute"},"schema":{"@context":"https:\/\/schema.org","@graph":[{"@type":"WebPage","@id":"https:\/\/4jmsolutions.com\/de\/ausruestung\/halbleiter-sensor-einzelne-komponenten\/pruefung-und-fertigstellung\/","url":"https:\/\/4jmsolutions.com\/de\/ausruestung\/halbleiter-sensor-einzelne-komponenten\/pruefung-und-fertigstellung\/","name":"Pr\u00fcfung und Fertigstellung - 4JMSolutions","isPartOf":{"@id":"https:\/\/4jmsolutions.com\/#website"},"datePublished":"2022-09-25T08:32:29+00:00","dateModified":"2024-02-29T12:54:41+00:00","description":"Our range extends from BI Testing to Final test for MEMS, SENSORS, OPTICS and PHOTONICS, POWER and DISCRETE COMPONENTS.","breadcrumb":{"@id":"https:\/\/4jmsolutions.com\/de\/ausruestung\/halbleiter-sensor-einzelne-komponenten\/pruefung-und-fertigstellung\/#breadcrumb"},"inLanguage":"de","potentialAction":[{"@type":"ReadAction","target":["https:\/\/4jmsolutions.com\/de\/ausruestung\/halbleiter-sensor-einzelne-komponenten\/pruefung-und-fertigstellung\/"]}]},{"@type":"BreadcrumbList","@id":"https:\/\/4jmsolutions.com\/de\/ausruestung\/halbleiter-sensor-einzelne-komponenten\/pruefung-und-fertigstellung\/#breadcrumb","itemListElement":[{"@type":"ListItem","position":1,"name":"Home","item":"https:\/\/4jmsolutions.com\/de\/"},{"@type":"ListItem","position":2,"name":"Ausr\u00fcstung","item":"https:\/\/4jmsolutions.com\/de\/ausruestung\/"},{"@type":"ListItem","position":3,"name":"Halbleiter Sensor Einzelne Komponenten","item":"https:\/\/4jmsolutions.com\/de\/ausruestung\/halbleiter-sensor-einzelne-komponenten\/"},{"@type":"ListItem","position":4,"name":"Pr\u00fcfung und Fertigstellung"}]},{"@type":"WebSite","@id":"https:\/\/4jmsolutions.com\/#website","url":"https:\/\/4jmsolutions.com\/","name":"4JMSolutions","description":"","potentialAction":[{"@type":"SearchAction","target":{"@type":"EntryPoint","urlTemplate":"https:\/\/4jmsolutions.com\/?s={search_term_string}"},"query-input":"required name=search_term_string"}],"inLanguage":"de"}]}},"_links":{"self":[{"href":"https:\/\/4jmsolutions.com\/de\/wp-json\/wp\/v2\/pages\/14865"}],"collection":[{"href":"https:\/\/4jmsolutions.com\/de\/wp-json\/wp\/v2\/pages"}],"about":[{"href":"https:\/\/4jmsolutions.com\/de\/wp-json\/wp\/v2\/types\/page"}],"author":[{"embeddable":true,"href":"https:\/\/4jmsolutions.com\/de\/wp-json\/wp\/v2\/users\/1"}],"replies":[{"embeddable":true,"href":"https:\/\/4jmsolutions.com\/de\/wp-json\/wp\/v2\/comments?post=14865"}],"version-history":[{"count":10,"href":"https:\/\/4jmsolutions.com\/de\/wp-json\/wp\/v2\/pages\/14865\/revisions"}],"predecessor-version":[{"id":16059,"href":"https:\/\/4jmsolutions.com\/de\/wp-json\/wp\/v2\/pages\/14865\/revisions\/16059"}],"up":[{"embeddable":true,"href":"https:\/\/4jmsolutions.com\/de\/wp-json\/wp\/v2\/pages\/14946"}],"wp:featuredmedia":[{"embeddable":true,"href":"https:\/\/4jmsolutions.com\/de\/wp-json\/wp\/v2\/media\/13482"}],"wp:attachment":[{"href":"https:\/\/4jmsolutions.com\/de\/wp-json\/wp\/v2\/media?parent=14865"}],"wp:term":[{"taxonomy":"industry","embeddable":true,"href":"https:\/\/4jmsolutions.com\/de\/wp-json\/wp\/v2\/industry?post=14865"},{"taxonomy":"maincategory","embeddable":true,"href":"https:\/\/4jmsolutions.com\/de\/wp-json\/wp\/v2\/maincategory?post=14865"},{"taxonomy":"package","embeddable":true,"href":"https:\/\/4jmsolutions.com\/de\/wp-json\/wp\/v2\/package?post=14865"},{"taxonomy":"process-features","embeddable":true,"href":"https:\/\/4jmsolutions.com\/de\/wp-json\/wp\/v2\/process-features?post=14865"},{"taxonomy":"sub-category","embeddable":true,"href":"https:\/\/4jmsolutions.com\/de\/wp-json\/wp\/v2\/sub-category?post=14865"}],"curies":[{"name":"wp","href":"https:\/\/api.w.org\/{rel}","templated":true}]}}