{"id":14919,"date":"2022-09-25T08:37:10","date_gmt":"2022-09-25T08:37:10","guid":{"rendered":"https:\/\/newsite.com\/test-and-finishing\/testers\/"},"modified":"2024-02-20T10:23:03","modified_gmt":"2024-02-20T10:23:03","slug":"testers","status":"publish","type":"page","link":"https:\/\/4jmsolutions.com\/de\/ausruestung\/halbleiter-sensor-einzelne-komponenten\/pruefung-und-fertigstellung\/testers\/","title":{"rendered":"In-Circuit Tester"},"content":{"rendered":"\t\t<div data-elementor-type=\"wp-page\" data-elementor-id=\"14919\" class=\"elementor elementor-14919\" data-elementor-post-type=\"page\">\n\t\t\t\t\t\t<section data-particle_enable=\"false\" data-particle-mobile-disabled=\"false\" class=\"elementor-section elementor-top-section elementor-element elementor-element-26d89ec4 elementor-section-stretched elementor-section-boxed elementor-section-height-default elementor-section-height-default\" data-id=\"26d89ec4\" data-element_type=\"section\" data-settings=\"{&quot;stretch_section&quot;:&quot;section-stretched&quot;,&quot;animation&quot;:&quot;none&quot;}\">\n\t\t\t\t\t\t<div class=\"elementor-container elementor-column-gap-default\">\n\t\t\t\t\t<div class=\"elementor-column elementor-col-50 elementor-top-column elementor-element elementor-element-470296f6\" data-id=\"470296f6\" data-element_type=\"column\">\n\t\t\t<div class=\"elementor-widget-wrap elementor-element-populated\">\n\t\t\t\t\t\t<div class=\"elementor-element elementor-element-2cb76734 elementor-widget elementor-widget-heading\" data-id=\"2cb76734\" data-element_type=\"widget\" data-widget_type=\"heading.default\">\n\t\t\t\t<div class=\"elementor-widget-container\">\n\t\t\t<style>\/*! elementor - v3.19.0 - 28-02-2024 *\/\n.elementor-heading-title{padding:0;margin:0;line-height:1}.elementor-widget-heading .elementor-heading-title[class*=elementor-size-]>a{color:inherit;font-size:inherit;line-height:inherit}.elementor-widget-heading .elementor-heading-title.elementor-size-small{font-size:15px}.elementor-widget-heading .elementor-heading-title.elementor-size-medium{font-size:19px}.elementor-widget-heading .elementor-heading-title.elementor-size-large{font-size:29px}.elementor-widget-heading .elementor-heading-title.elementor-size-xl{font-size:39px}.elementor-widget-heading .elementor-heading-title.elementor-size-xxl{font-size:59px}<\/style><h5 class=\"elementor-heading-title elementor-size-default\">EVA100<\/h5>\t\t<\/div>\n\t\t\t\t<\/div>\n\t\t\t\t<div class=\"elementor-element elementor-element-6ae26084 elementor-widget elementor-widget-text-editor\" data-id=\"6ae26084\" data-element_type=\"widget\" data-widget_type=\"text-editor.default\">\n\t\t\t\t<div class=\"elementor-widget-container\">\n\t\t\t<style>\/*! elementor - v3.19.0 - 28-02-2024 *\/\n.elementor-widget-text-editor.elementor-drop-cap-view-stacked .elementor-drop-cap{background-color:#69727d;color:#fff}.elementor-widget-text-editor.elementor-drop-cap-view-framed .elementor-drop-cap{color:#69727d;border:3px solid;background-color:transparent}.elementor-widget-text-editor:not(.elementor-drop-cap-view-default) .elementor-drop-cap{margin-top:8px}.elementor-widget-text-editor:not(.elementor-drop-cap-view-default) .elementor-drop-cap-letter{width:1em;height:1em}.elementor-widget-text-editor .elementor-drop-cap{float:left;text-align:center;line-height:1;font-size:50px}.elementor-widget-text-editor .elementor-drop-cap-letter{display:inline-block}<\/style>\t\t\t\t<p>In den letzten Jahren hat die Zahl der von uns verwendeten intelligenten Ger\u00e4te erheblich zugenommen. Die Rolle der Analog-\/Sensor-ICs ist nicht nur in der intelligenten Gesellschaft, sondern auch in anderen Bereichen von entscheidender Bedeutung geworden. Mehr denn je sind f\u00fcr diese Ger\u00e4te eine h\u00f6here Leistung, eine h\u00f6here Genauigkeit und eine l\u00e4ngere Zuverl\u00e4ssigkeit erforderlich. Um diese Herausforderungen zu meistern, m\u00fcssen die Messsysteme viele Funktionen aufweisen und gleichzeitig die Testkosten sehr niedrig halten. Ingenieure, die mit der Entwicklung von Testprogrammen betraut sind, m\u00fcssen \u00fcber sehr gute Programmierkenntnisse verf\u00fcgen und die Bedienung des Testsystems genau kennen.<\/p><p>Das neue hochintegrierte Messsystem &#8222;EVA100&#8220; unterst\u00fctzt Stromversorgungen, SMUs (4-Quadranten-DC-Signalmessger\u00e4te), Pattern-Generatoren, Arbitrary-Waveform-Generatoren, Digitizer und Oszilloskope, die f\u00fcr komplette analoge, Mixed-Signal-, Sensor- und digitale IC-Bauteile und Module einschlie\u00dflich elektronischer Steuerger\u00e4te (ECU) f\u00fcr die Evaluierung und Messung im Automobilbereich erforderlich sind.<\/p><p>Die EVA100 Software-GUI ist extrem intuitiv und erfordert nur Drag-and-drop, sodass Ingenieure sehr schnell und einfach ger\u00e4teorientierte Mess-Setups erstellen k\u00f6nnen. Automatische Berichtsfunktionen verbessern die Effizienz der Schreibtischarbeit erheblich und liefern eine klare Dokumentation und Daten, die in den Ger\u00e4tedatenbl\u00e4ttern ver\u00f6ffentlicht werden k\u00f6nnen.<\/p>\t\t\t\t\t\t<\/div>\n\t\t\t\t<\/div>\n\t\t\t\t<div class=\"elementor-element elementor-element-43be9c95 elementor-align-left elementor-tablet-align-center elementor-mobile-align-center elementor-invisible elementor-widget elementor-widget-button\" data-id=\"43be9c95\" data-element_type=\"widget\" data-settings=\"{&quot;_animation&quot;:&quot;slideInUp&quot;}\" data-widget_type=\"button.default\">\n\t\t\t\t<div class=\"elementor-widget-container\">\n\t\t\t\t\t<div class=\"elementor-button-wrapper\">\n\t\t\t<a class=\"elementor-button elementor-button-link elementor-size-md\" href=\"https:\/\/4jmsolutions.com\/contact\/\" id=\"14919\">\n\t\t\t\t\t\t<span class=\"elementor-button-content-wrapper\">\n\t\t\t\t\t\t<span class=\"elementor-button-text\">Weitere Informationen Anfordern<\/span>\n\t\t<\/span>\n\t\t\t\t\t<\/a>\n\t\t<\/div>\n\t\t\t\t<\/div>\n\t\t\t\t<\/div>\n\t\t\t\t\t<\/div>\n\t\t<\/div>\n\t\t\t\t<div class=\"elementor-column elementor-col-50 elementor-top-column elementor-element elementor-element-4b042403\" data-id=\"4b042403\" data-element_type=\"column\">\n\t\t\t<div class=\"elementor-widget-wrap elementor-element-populated\">\n\t\t\t\t\t\t<div class=\"elementor-element elementor-element-143f66c5 elementor-widget elementor-widget-image-gallery\" data-id=\"143f66c5\" data-element_type=\"widget\" data-widget_type=\"image-gallery.default\">\n\t\t\t\t<div class=\"elementor-widget-container\">\n\t\t\t<style>\/*! elementor - v3.19.0 - 28-02-2024 *\/\n.elementor-image-gallery .gallery-item{display:inline-block;text-align:center;vertical-align:top;width:100%;max-width:100%;margin:0 auto}.elementor-image-gallery .gallery-item img{margin:0 auto}.elementor-image-gallery .gallery-item .gallery-caption{margin:0}.elementor-image-gallery figure img{display:block}.elementor-image-gallery figure figcaption{width:100%}.gallery-spacing-custom .elementor-image-gallery .gallery-icon{padding:0}@media (min-width:768px){.elementor-image-gallery .gallery-columns-2 .gallery-item{max-width:50%}.elementor-image-gallery .gallery-columns-3 .gallery-item{max-width:33.33%}.elementor-image-gallery .gallery-columns-4 .gallery-item{max-width:25%}.elementor-image-gallery .gallery-columns-5 .gallery-item{max-width:20%}.elementor-image-gallery .gallery-columns-6 .gallery-item{max-width:16.666%}.elementor-image-gallery .gallery-columns-7 .gallery-item{max-width:14.28%}.elementor-image-gallery .gallery-columns-8 .gallery-item{max-width:12.5%}.elementor-image-gallery .gallery-columns-9 .gallery-item{max-width:11.11%}.elementor-image-gallery .gallery-columns-10 .gallery-item{max-width:10%}}@media (min-width:480px) and (max-width:767px){.elementor-image-gallery .gallery.gallery-columns-2 .gallery-item,.elementor-image-gallery .gallery.gallery-columns-3 .gallery-item,.elementor-image-gallery .gallery.gallery-columns-4 .gallery-item,.elementor-image-gallery .gallery.gallery-columns-5 .gallery-item,.elementor-image-gallery .gallery.gallery-columns-6 .gallery-item,.elementor-image-gallery .gallery.gallery-columns-7 .gallery-item,.elementor-image-gallery .gallery.gallery-columns-8 .gallery-item,.elementor-image-gallery .gallery.gallery-columns-9 .gallery-item,.elementor-image-gallery .gallery.gallery-columns-10 .gallery-item{max-width:50%}}@media (max-width:479px){.elementor-image-gallery .gallery.gallery-columns-2 .gallery-item,.elementor-image-gallery .gallery.gallery-columns-3 .gallery-item,.elementor-image-gallery .gallery.gallery-columns-4 .gallery-item,.elementor-image-gallery .gallery.gallery-columns-5 .gallery-item,.elementor-image-gallery .gallery.gallery-columns-6 .gallery-item,.elementor-image-gallery .gallery.gallery-columns-7 .gallery-item,.elementor-image-gallery .gallery.gallery-columns-8 .gallery-item,.elementor-image-gallery .gallery.gallery-columns-9 .gallery-item,.elementor-image-gallery .gallery.gallery-columns-10 .gallery-item{max-width:100%}}<\/style>\t\t<div class=\"elementor-image-gallery\">\n\t\t\t\n\t\t<style type=\"text\/css\">\n\t\t\t#gallery-1 {\n\t\t\t\tmargin: auto;\n\t\t\t}\n\t\t\t#gallery-1 .gallery-item {\n\t\t\t\tfloat: left;\n\t\t\t\tmargin-top: 10px;\n\t\t\t\ttext-align: center;\n\t\t\t\twidth: 100%;\n\t\t\t}\n\t\t\t#gallery-1 img {\n\t\t\t\tborder: 2px solid #cfcfcf;\n\t\t\t}\n\t\t\t#gallery-1 .gallery-caption {\n\t\t\t\tmargin-left: 0;\n\t\t\t}\n\t\t\t\/* see gallery_shortcode() in wp-includes\/media.php *\/\n\t\t<\/style>\n\t\t<div id='gallery-1' class='gallery galleryid-14919 gallery-columns-1 gallery-size-full'><dl class='gallery-item'>\n\t\t\t<dt class='gallery-icon portrait'>\n\t\t\t\t<a data-elementor-open-lightbox=\"yes\" data-elementor-lightbox-slideshow=\"143f66c5\" data-elementor-lightbox-title=\"EVA100\" data-e-action-hash=\"#elementor-action%3Aaction%3Dlightbox%26settings%3DeyJpZCI6MTI0NTAsInVybCI6Imh0dHBzOlwvXC80am1zb2x1dGlvbnMuY29tXC93cC1jb250ZW50XC91cGxvYWRzXC8yMDIyXC8xMFwvZXZhMTAwLTMxOXgzOTMtMS5wbmciLCJzbGlkZXNob3ciOiIxNDNmNjZjNSJ9\" href='https:\/\/4jmsolutions.com\/wp-content\/uploads\/2022\/10\/eva100-319x393-1.png'><img fetchpriority=\"high\" decoding=\"async\" width=\"319\" height=\"393\" src=\"https:\/\/4jmsolutions.com\/wp-content\/uploads\/2022\/10\/eva100-319x393-1.png\" class=\"attachment-full size-full\" alt=\"\" srcset=\"https:\/\/4jmsolutions.com\/wp-content\/uploads\/2022\/10\/eva100-319x393-1.png 319w, https:\/\/4jmsolutions.com\/wp-content\/uploads\/2022\/10\/eva100-319x393-1-244x300.png 244w\" sizes=\"(max-width: 319px) 100vw, 319px\" \/><\/a>\n\t\t\t<\/dt><\/dl><br style=\"clear: both\" \/>\n\t\t<\/div>\n\t\t<\/div>\n\t\t\t\t<\/div>\n\t\t\t\t<\/div>\n\t\t\t\t\t<\/div>\n\t\t<\/div>\n\t\t\t\t\t<\/div>\n\t\t<\/section>\n\t\t\t\t<\/div>\n\t\t","protected":false},"excerpt":{"rendered":"<p>EVA100 In den letzten Jahren hat die Zahl der von uns verwendeten intelligenten Ger\u00e4te erheblich zugenommen. Die Rolle der Analog-\/Sensor-ICs ist nicht nur in der intelligenten Gesellschaft, sondern auch in anderen Bereichen von entscheidender Bedeutung geworden. Mehr denn je sind f\u00fcr diese Ger\u00e4te eine h\u00f6here Leistung, eine h\u00f6here Genauigkeit und eine l\u00e4ngere Zuverl\u00e4ssigkeit erforderlich. Um [&hellip;]<\/p>\n","protected":false},"author":1,"featured_media":13592,"parent":14865,"menu_order":165,"comment_status":"closed","ping_status":"closed","template":"","meta":{"footnotes":""},"industry":[],"maincategory":[],"package":[],"process-features":[],"sub-category":[],"acf":[],"yoast_head":"<!-- This site is optimized with the Yoast SEO Premium plugin v20.5 (Yoast SEO v22.1) - https:\/\/yoast.com\/wordpress\/plugins\/seo\/ -->\n<title>In circuit Tester - 4JMSolutions<\/title>\n<meta name=\"description\" content=\"It is a perfect tester to analyse your defected products. Easy visual programming surface and dock able needle bed provide flexibility.\" \/>\n<meta name=\"robots\" content=\"index, follow, max-snippet:-1, max-image-preview:large, max-video-preview:-1\" \/>\n<link rel=\"canonical\" href=\"https:\/\/4jmsolutions.com\/de\/ausruestung\/halbleiter-sensor-einzelne-komponenten\/pruefung-und-fertigstellung\/testers\/\" \/>\n<meta property=\"og:locale\" content=\"de_DE\" \/>\n<meta property=\"og:type\" content=\"article\" \/>\n<meta property=\"og:title\" content=\"In-Circuit Tester\" \/>\n<meta property=\"og:description\" content=\"It is a perfect tester to analyse your defected products. Easy visual programming surface and dock able needle bed provide flexibility.\" \/>\n<meta property=\"og:url\" content=\"https:\/\/4jmsolutions.com\/de\/ausruestung\/halbleiter-sensor-einzelne-komponenten\/pruefung-und-fertigstellung\/testers\/\" \/>\n<meta property=\"og:site_name\" content=\"4JMSolutions\" \/>\n<meta property=\"article:modified_time\" content=\"2024-02-20T10:23:03+00:00\" \/>\n<meta property=\"og:image\" content=\"https:\/\/4jmsolutions.com\/wp-content\/uploads\/2022\/11\/testers-thumbnail.png\" \/>\n\t<meta property=\"og:image:width\" content=\"635\" \/>\n\t<meta property=\"og:image:height\" content=\"463\" \/>\n\t<meta property=\"og:image:type\" content=\"image\/png\" \/>\n<meta name=\"twitter:card\" content=\"summary_large_image\" \/>\n<meta name=\"twitter:label1\" content=\"Gesch\u00e4tzte Lesezeit\" \/>\n\t<meta name=\"twitter:data1\" content=\"1\u00a0Minute\" \/>\n<script type=\"application\/ld+json\" class=\"yoast-schema-graph\">{\"@context\":\"https:\/\/schema.org\",\"@graph\":[{\"@type\":\"WebPage\",\"@id\":\"https:\/\/4jmsolutions.com\/de\/ausruestung\/halbleiter-sensor-einzelne-komponenten\/pruefung-und-fertigstellung\/testers\/\",\"url\":\"https:\/\/4jmsolutions.com\/de\/ausruestung\/halbleiter-sensor-einzelne-komponenten\/pruefung-und-fertigstellung\/testers\/\",\"name\":\"In circuit Tester - 4JMSolutions\",\"isPartOf\":{\"@id\":\"https:\/\/4jmsolutions.com\/#website\"},\"datePublished\":\"2022-09-25T08:37:10+00:00\",\"dateModified\":\"2024-02-20T10:23:03+00:00\",\"description\":\"It is a perfect tester to analyse your defected products. Easy visual programming surface and dock able needle bed provide flexibility.\",\"breadcrumb\":{\"@id\":\"https:\/\/4jmsolutions.com\/de\/ausruestung\/halbleiter-sensor-einzelne-komponenten\/pruefung-und-fertigstellung\/testers\/#breadcrumb\"},\"inLanguage\":\"de\",\"potentialAction\":[{\"@type\":\"ReadAction\",\"target\":[\"https:\/\/4jmsolutions.com\/de\/ausruestung\/halbleiter-sensor-einzelne-komponenten\/pruefung-und-fertigstellung\/testers\/\"]}]},{\"@type\":\"BreadcrumbList\",\"@id\":\"https:\/\/4jmsolutions.com\/de\/ausruestung\/halbleiter-sensor-einzelne-komponenten\/pruefung-und-fertigstellung\/testers\/#breadcrumb\",\"itemListElement\":[{\"@type\":\"ListItem\",\"position\":1,\"name\":\"Home\",\"item\":\"https:\/\/4jmsolutions.com\/de\/\"},{\"@type\":\"ListItem\",\"position\":2,\"name\":\"Ausr\u00fcstung\",\"item\":\"https:\/\/4jmsolutions.com\/de\/ausruestung\/\"},{\"@type\":\"ListItem\",\"position\":3,\"name\":\"Halbleiter Sensor Einzelne Komponenten\",\"item\":\"https:\/\/4jmsolutions.com\/de\/ausruestung\/halbleiter-sensor-einzelne-komponenten\/\"},{\"@type\":\"ListItem\",\"position\":4,\"name\":\"Pr\u00fcfung und Fertigstellung\",\"item\":\"https:\/\/4jmsolutions.com\/de\/ausruestung\/halbleiter-sensor-einzelne-komponenten\/pruefung-und-fertigstellung\/\"},{\"@type\":\"ListItem\",\"position\":5,\"name\":\"In-Circuit Tester\"}]},{\"@type\":\"WebSite\",\"@id\":\"https:\/\/4jmsolutions.com\/#website\",\"url\":\"https:\/\/4jmsolutions.com\/\",\"name\":\"4JMSolutions\",\"description\":\"\",\"potentialAction\":[{\"@type\":\"SearchAction\",\"target\":{\"@type\":\"EntryPoint\",\"urlTemplate\":\"https:\/\/4jmsolutions.com\/?s={search_term_string}\"},\"query-input\":\"required name=search_term_string\"}],\"inLanguage\":\"de\"}]}<\/script>\n<!-- \/ Yoast SEO Premium plugin. -->","yoast_head_json":{"title":"In circuit Tester - 4JMSolutions","description":"It is a perfect tester to analyse your defected products. Easy visual programming surface and dock able needle bed provide flexibility.","robots":{"index":"index","follow":"follow","max-snippet":"max-snippet:-1","max-image-preview":"max-image-preview:large","max-video-preview":"max-video-preview:-1"},"canonical":"https:\/\/4jmsolutions.com\/de\/ausruestung\/halbleiter-sensor-einzelne-komponenten\/pruefung-und-fertigstellung\/testers\/","og_locale":"de_DE","og_type":"article","og_title":"In-Circuit Tester","og_description":"It is a perfect tester to analyse your defected products. Easy visual programming surface and dock able needle bed provide flexibility.","og_url":"https:\/\/4jmsolutions.com\/de\/ausruestung\/halbleiter-sensor-einzelne-komponenten\/pruefung-und-fertigstellung\/testers\/","og_site_name":"4JMSolutions","article_modified_time":"2024-02-20T10:23:03+00:00","og_image":[{"width":635,"height":463,"url":"https:\/\/4jmsolutions.com\/wp-content\/uploads\/2022\/11\/testers-thumbnail.png","type":"image\/png"}],"twitter_card":"summary_large_image","twitter_misc":{"Gesch\u00e4tzte Lesezeit":"1\u00a0Minute"},"schema":{"@context":"https:\/\/schema.org","@graph":[{"@type":"WebPage","@id":"https:\/\/4jmsolutions.com\/de\/ausruestung\/halbleiter-sensor-einzelne-komponenten\/pruefung-und-fertigstellung\/testers\/","url":"https:\/\/4jmsolutions.com\/de\/ausruestung\/halbleiter-sensor-einzelne-komponenten\/pruefung-und-fertigstellung\/testers\/","name":"In circuit Tester - 4JMSolutions","isPartOf":{"@id":"https:\/\/4jmsolutions.com\/#website"},"datePublished":"2022-09-25T08:37:10+00:00","dateModified":"2024-02-20T10:23:03+00:00","description":"It is a perfect tester to analyse your defected products. Easy visual programming surface and dock able needle bed provide flexibility.","breadcrumb":{"@id":"https:\/\/4jmsolutions.com\/de\/ausruestung\/halbleiter-sensor-einzelne-komponenten\/pruefung-und-fertigstellung\/testers\/#breadcrumb"},"inLanguage":"de","potentialAction":[{"@type":"ReadAction","target":["https:\/\/4jmsolutions.com\/de\/ausruestung\/halbleiter-sensor-einzelne-komponenten\/pruefung-und-fertigstellung\/testers\/"]}]},{"@type":"BreadcrumbList","@id":"https:\/\/4jmsolutions.com\/de\/ausruestung\/halbleiter-sensor-einzelne-komponenten\/pruefung-und-fertigstellung\/testers\/#breadcrumb","itemListElement":[{"@type":"ListItem","position":1,"name":"Home","item":"https:\/\/4jmsolutions.com\/de\/"},{"@type":"ListItem","position":2,"name":"Ausr\u00fcstung","item":"https:\/\/4jmsolutions.com\/de\/ausruestung\/"},{"@type":"ListItem","position":3,"name":"Halbleiter Sensor Einzelne Komponenten","item":"https:\/\/4jmsolutions.com\/de\/ausruestung\/halbleiter-sensor-einzelne-komponenten\/"},{"@type":"ListItem","position":4,"name":"Pr\u00fcfung und Fertigstellung","item":"https:\/\/4jmsolutions.com\/de\/ausruestung\/halbleiter-sensor-einzelne-komponenten\/pruefung-und-fertigstellung\/"},{"@type":"ListItem","position":5,"name":"In-Circuit Tester"}]},{"@type":"WebSite","@id":"https:\/\/4jmsolutions.com\/#website","url":"https:\/\/4jmsolutions.com\/","name":"4JMSolutions","description":"","potentialAction":[{"@type":"SearchAction","target":{"@type":"EntryPoint","urlTemplate":"https:\/\/4jmsolutions.com\/?s={search_term_string}"},"query-input":"required name=search_term_string"}],"inLanguage":"de"}]}},"_links":{"self":[{"href":"https:\/\/4jmsolutions.com\/de\/wp-json\/wp\/v2\/pages\/14919"}],"collection":[{"href":"https:\/\/4jmsolutions.com\/de\/wp-json\/wp\/v2\/pages"}],"about":[{"href":"https:\/\/4jmsolutions.com\/de\/wp-json\/wp\/v2\/types\/page"}],"author":[{"embeddable":true,"href":"https:\/\/4jmsolutions.com\/de\/wp-json\/wp\/v2\/users\/1"}],"replies":[{"embeddable":true,"href":"https:\/\/4jmsolutions.com\/de\/wp-json\/wp\/v2\/comments?post=14919"}],"version-history":[{"count":5,"href":"https:\/\/4jmsolutions.com\/de\/wp-json\/wp\/v2\/pages\/14919\/revisions"}],"predecessor-version":[{"id":15110,"href":"https:\/\/4jmsolutions.com\/de\/wp-json\/wp\/v2\/pages\/14919\/revisions\/15110"}],"up":[{"embeddable":true,"href":"https:\/\/4jmsolutions.com\/de\/wp-json\/wp\/v2\/pages\/14865"}],"wp:featuredmedia":[{"embeddable":true,"href":"https:\/\/4jmsolutions.com\/de\/wp-json\/wp\/v2\/media\/13592"}],"wp:attachment":[{"href":"https:\/\/4jmsolutions.com\/de\/wp-json\/wp\/v2\/media?parent=14919"}],"wp:term":[{"taxonomy":"industry","embeddable":true,"href":"https:\/\/4jmsolutions.com\/de\/wp-json\/wp\/v2\/industry?post=14919"},{"taxonomy":"maincategory","embeddable":true,"href":"https:\/\/4jmsolutions.com\/de\/wp-json\/wp\/v2\/maincategory?post=14919"},{"taxonomy":"package","embeddable":true,"href":"https:\/\/4jmsolutions.com\/de\/wp-json\/wp\/v2\/package?post=14919"},{"taxonomy":"process-features","embeddable":true,"href":"https:\/\/4jmsolutions.com\/de\/wp-json\/wp\/v2\/process-features?post=14919"},{"taxonomy":"sub-category","embeddable":true,"href":"https:\/\/4jmsolutions.com\/de\/wp-json\/wp\/v2\/sub-category?post=14919"}],"curies":[{"name":"wp","href":"https:\/\/api.w.org\/{rel}","templated":true}]}}