{"id":15408,"date":"2022-10-03T06:58:20","date_gmt":"2022-10-03T06:58:20","guid":{"rendered":"https:\/\/newsite.com\/ausruestung\/halbleiter-sensor-einzelne-komponenten\/front-end\/wafer-rekonstruktion\/trooper-v-wafer-level-aoi-handler-for-wafer-reconstructio\/"},"modified":"2024-02-27T09:07:12","modified_gmt":"2024-02-27T09:07:12","slug":"trooper-v-wafer-level-aoi-handler-fuer-wafer-rekonstruktion","status":"publish","type":"page","link":"https:\/\/4jmsolutions.com\/de\/ausruestung\/halbleiter-sensor-einzelne-komponenten\/front-end\/wafer-rekonstruktion\/trooper-v-wafer-level-aoi-handler-fuer-wafer-rekonstruktion\/","title":{"rendered":"Trooper-V Wafer-Level AOI Handler f\u00fcr Wafer-Rekonstruktion"},"content":{"rendered":"\t\t<div data-elementor-type=\"wp-page\" data-elementor-id=\"15408\" class=\"elementor elementor-15408\" data-elementor-post-type=\"page\">\n\t\t\t\t\t\t<section data-particle_enable=\"false\" data-particle-mobile-disabled=\"false\" class=\"elementor-section elementor-top-section elementor-element elementor-element-4c9d47a6 elementor-section-stretched elementor-section-boxed elementor-section-height-default elementor-section-height-default\" data-id=\"4c9d47a6\" data-element_type=\"section\" data-settings=\"{&quot;stretch_section&quot;:&quot;section-stretched&quot;,&quot;animation&quot;:&quot;none&quot;}\">\n\t\t\t\t\t\t<div class=\"elementor-container elementor-column-gap-default\">\n\t\t\t\t\t<div class=\"elementor-column elementor-col-50 elementor-top-column elementor-element elementor-element-353cf2a4\" data-id=\"353cf2a4\" data-element_type=\"column\">\n\t\t\t<div class=\"elementor-widget-wrap elementor-element-populated\">\n\t\t\t\t\t\t<div class=\"elementor-element elementor-element-35b93b1a elementor-widget elementor-widget-heading\" data-id=\"35b93b1a\" data-element_type=\"widget\" data-widget_type=\"heading.default\">\n\t\t\t\t<div class=\"elementor-widget-container\">\n\t\t\t<style>\/*! elementor - v3.19.0 - 28-02-2024 *\/\n.elementor-heading-title{padding:0;margin:0;line-height:1}.elementor-widget-heading .elementor-heading-title[class*=elementor-size-]>a{color:inherit;font-size:inherit;line-height:inherit}.elementor-widget-heading .elementor-heading-title.elementor-size-small{font-size:15px}.elementor-widget-heading .elementor-heading-title.elementor-size-medium{font-size:19px}.elementor-widget-heading .elementor-heading-title.elementor-size-large{font-size:29px}.elementor-widget-heading .elementor-heading-title.elementor-size-xl{font-size:39px}.elementor-widget-heading .elementor-heading-title.elementor-size-xxl{font-size:59px}<\/style><h5 class=\"elementor-heading-title elementor-size-default\">Trooper-V Wafer-Level AOI Handler f\u00fcr Wafer-Rekonstruktion<\/h5>\t\t<\/div>\n\t\t\t\t<\/div>\n\t\t\t\t<div class=\"elementor-element elementor-element-5ae5fdd7 elementor-widget elementor-widget-text-editor\" data-id=\"5ae5fdd7\" data-element_type=\"widget\" data-widget_type=\"text-editor.default\">\n\t\t\t\t<div class=\"elementor-widget-container\">\n\t\t\t<style>\/*! elementor - v3.19.0 - 28-02-2024 *\/\n.elementor-widget-text-editor.elementor-drop-cap-view-stacked .elementor-drop-cap{background-color:#69727d;color:#fff}.elementor-widget-text-editor.elementor-drop-cap-view-framed .elementor-drop-cap{color:#69727d;border:3px solid;background-color:transparent}.elementor-widget-text-editor:not(.elementor-drop-cap-view-default) .elementor-drop-cap{margin-top:8px}.elementor-widget-text-editor:not(.elementor-drop-cap-view-default) .elementor-drop-cap-letter{width:1em;height:1em}.elementor-widget-text-editor .elementor-drop-cap{float:left;text-align:center;line-height:1;font-size:50px}.elementor-widget-text-editor .elementor-drop-cap-letter{display:inline-block}<\/style>\t\t\t\t<p class=\"mbr-text mbr-fonts-style mb-4 display-7\">Trooper-V ist ein Hochgeschwindigkeits-AOI-System f\u00fcr Wafer. Das System basiert auf dem Konzept eines drehbaren Objektivrevolvers. Dieser bietet verschiedene Vergr\u00f6\u00dferungsstufen, um unterschiedliche Typen und Gr\u00f6\u00dfen von Dies zu erfassen. F\u00fcr die Inspektion eines kompletten Wafers mit ca. 70.000 Dies ben\u00f6tigt das Hochleistungsger\u00e4t nur 2 Minuten.<\/p><ul><li>Wafer pro Stunde +30 Wafer<\/li><li>Rohwafer (6, 8\u2033 oder 12\u2033) Mylar-Waferring (6, 8\u2033 oder 12)<\/li><li>Modernes Mikroskop mit Hell- und Dunkelfeldm\u00f6glichkeit<\/li><li>Hochwertiges Objektiv (2,0x 5,0X 7-fache Vergr\u00f6\u00dferung)<\/li><li>Lichtquelle mit RGB-Konfiguration<\/li><li>Kurzwellige Infrarot (SWIR) Bildgebungstechnologie f\u00fcr SiC<\/li><li>Anpassbare Wafer Map Generierung<\/li><li>Integrierbar f\u00fcr die Handhabung verschiedener Wafergr\u00f6\u00dfen<\/li><li>Pre-Wafer-Ausrichtung X-Y-Winkel<\/li><li>Chip-Oberfl\u00e4cheninspektion (Kratzer, Risse, abbl\u00e4tterndes Metall, falsch ausgerichtete Schnitte, Fremdmaterial, fehlende Chipkanten, optische Zeichenerkennung, Polyimid-Abl\u00f6sungen, Verf\u00e4rbungen und Verunreinigungen)<\/li><\/ul>\t\t\t\t\t\t<\/div>\n\t\t\t\t<\/div>\n\t\t\t\t<div class=\"elementor-element elementor-element-6b3ef1ad elementor-align-left elementor-tablet-align-center elementor-mobile-align-center elementor-invisible elementor-widget elementor-widget-button\" data-id=\"6b3ef1ad\" data-element_type=\"widget\" data-settings=\"{&quot;_animation&quot;:&quot;slideInUp&quot;}\" data-widget_type=\"button.default\">\n\t\t\t\t<div class=\"elementor-widget-container\">\n\t\t\t\t\t<div class=\"elementor-button-wrapper\">\n\t\t\t<a class=\"elementor-button elementor-button-link elementor-size-md\" href=\"https:\/\/4jmsolutions.com\/contact\/\" id=\"15408\">\n\t\t\t\t\t\t<span class=\"elementor-button-content-wrapper\">\n\t\t\t\t\t\t<span class=\"elementor-button-text\">Weitere Informationen Anfordern<\/span>\n\t\t<\/span>\n\t\t\t\t\t<\/a>\n\t\t<\/div>\n\t\t\t\t<\/div>\n\t\t\t\t<\/div>\n\t\t\t\t\t<\/div>\n\t\t<\/div>\n\t\t\t\t<div class=\"elementor-column elementor-col-50 elementor-top-column elementor-element elementor-element-47850157\" data-id=\"47850157\" data-element_type=\"column\">\n\t\t\t<div class=\"elementor-widget-wrap elementor-element-populated\">\n\t\t\t\t\t\t<div class=\"elementor-element elementor-element-518c5c1c elementor-widget elementor-widget-image-gallery\" data-id=\"518c5c1c\" data-element_type=\"widget\" data-widget_type=\"image-gallery.default\">\n\t\t\t\t<div class=\"elementor-widget-container\">\n\t\t\t<style>\/*! elementor - v3.19.0 - 28-02-2024 *\/\n.elementor-image-gallery .gallery-item{display:inline-block;text-align:center;vertical-align:top;width:100%;max-width:100%;margin:0 auto}.elementor-image-gallery .gallery-item img{margin:0 auto}.elementor-image-gallery .gallery-item .gallery-caption{margin:0}.elementor-image-gallery figure img{display:block}.elementor-image-gallery figure figcaption{width:100%}.gallery-spacing-custom .elementor-image-gallery .gallery-icon{padding:0}@media (min-width:768px){.elementor-image-gallery .gallery-columns-2 .gallery-item{max-width:50%}.elementor-image-gallery .gallery-columns-3 .gallery-item{max-width:33.33%}.elementor-image-gallery .gallery-columns-4 .gallery-item{max-width:25%}.elementor-image-gallery .gallery-columns-5 .gallery-item{max-width:20%}.elementor-image-gallery .gallery-columns-6 .gallery-item{max-width:16.666%}.elementor-image-gallery .gallery-columns-7 .gallery-item{max-width:14.28%}.elementor-image-gallery .gallery-columns-8 .gallery-item{max-width:12.5%}.elementor-image-gallery .gallery-columns-9 .gallery-item{max-width:11.11%}.elementor-image-gallery .gallery-columns-10 .gallery-item{max-width:10%}}@media (min-width:480px) and (max-width:767px){.elementor-image-gallery .gallery.gallery-columns-2 .gallery-item,.elementor-image-gallery .gallery.gallery-columns-3 .gallery-item,.elementor-image-gallery .gallery.gallery-columns-4 .gallery-item,.elementor-image-gallery .gallery.gallery-columns-5 .gallery-item,.elementor-image-gallery .gallery.gallery-columns-6 .gallery-item,.elementor-image-gallery .gallery.gallery-columns-7 .gallery-item,.elementor-image-gallery .gallery.gallery-columns-8 .gallery-item,.elementor-image-gallery .gallery.gallery-columns-9 .gallery-item,.elementor-image-gallery .gallery.gallery-columns-10 .gallery-item{max-width:50%}}@media (max-width:479px){.elementor-image-gallery .gallery.gallery-columns-2 .gallery-item,.elementor-image-gallery .gallery.gallery-columns-3 .gallery-item,.elementor-image-gallery .gallery.gallery-columns-4 .gallery-item,.elementor-image-gallery .gallery.gallery-columns-5 .gallery-item,.elementor-image-gallery .gallery.gallery-columns-6 .gallery-item,.elementor-image-gallery .gallery.gallery-columns-7 .gallery-item,.elementor-image-gallery .gallery.gallery-columns-8 .gallery-item,.elementor-image-gallery .gallery.gallery-columns-9 .gallery-item,.elementor-image-gallery .gallery.gallery-columns-10 .gallery-item{max-width:100%}}<\/style>\t\t<div class=\"elementor-image-gallery\">\n\t\t\t\n\t\t<style type=\"text\/css\">\n\t\t\t#gallery-1 {\n\t\t\t\tmargin: auto;\n\t\t\t}\n\t\t\t#gallery-1 .gallery-item {\n\t\t\t\tfloat: left;\n\t\t\t\tmargin-top: 10px;\n\t\t\t\ttext-align: center;\n\t\t\t\twidth: 100%;\n\t\t\t}\n\t\t\t#gallery-1 img {\n\t\t\t\tborder: 2px solid #cfcfcf;\n\t\t\t}\n\t\t\t#gallery-1 .gallery-caption {\n\t\t\t\tmargin-left: 0;\n\t\t\t}\n\t\t\t\/* see gallery_shortcode() in wp-includes\/media.php *\/\n\t\t<\/style>\n\t\t<div id='gallery-1' class='gallery galleryid-15408 gallery-columns-1 gallery-size-full'><dl class='gallery-item'>\n\t\t\t<dt class='gallery-icon portrait'>\n\t\t\t\t<a data-elementor-open-lightbox=\"yes\" data-elementor-lightbox-slideshow=\"518c5c1c\" data-elementor-lightbox-title=\"Trooper-V-Wafer-Level-AOI-Handler\" data-e-action-hash=\"#elementor-action%3Aaction%3Dlightbox%26settings%3DeyJpZCI6MTIyNDYsInVybCI6Imh0dHBzOlwvXC80am1zb2x1dGlvbnMuY29tXC93cC1jb250ZW50XC91cGxvYWRzXC8yMDIyXC8xMFwvd2FmZXItYW9pLXN5c3RlbS0xLTM5M3g0MzYtMS5wbmciLCJzbGlkZXNob3ciOiI1MThjNWMxYyJ9\" href='https:\/\/4jmsolutions.com\/wp-content\/uploads\/2022\/10\/wafer-aoi-system-1-393x436-1.png'><img fetchpriority=\"high\" decoding=\"async\" width=\"393\" height=\"436\" src=\"https:\/\/4jmsolutions.com\/wp-content\/uploads\/2022\/10\/wafer-aoi-system-1-393x436-1.png\" class=\"attachment-full size-full\" alt=\"\" srcset=\"https:\/\/4jmsolutions.com\/wp-content\/uploads\/2022\/10\/wafer-aoi-system-1-393x436-1.png 393w, https:\/\/4jmsolutions.com\/wp-content\/uploads\/2022\/10\/wafer-aoi-system-1-393x436-1-270x300.png 270w\" sizes=\"(max-width: 393px) 100vw, 393px\" \/><\/a>\n\t\t\t<\/dt><\/dl><br style=\"clear: both\" \/>\n\t\t<\/div>\n\t\t<\/div>\n\t\t\t\t<\/div>\n\t\t\t\t<\/div>\n\t\t\t\t\t<\/div>\n\t\t<\/div>\n\t\t\t\t\t<\/div>\n\t\t<\/section>\n\t\t\t\t<\/div>\n\t\t","protected":false},"excerpt":{"rendered":"<p>Trooper-V Wafer-Level AOI Handler f\u00fcr Wafer-Rekonstruktion Trooper-V ist ein Hochgeschwindigkeits-AOI-System f\u00fcr Wafer. Das System basiert auf dem Konzept eines drehbaren Objektivrevolvers. Dieser bietet verschiedene Vergr\u00f6\u00dferungsstufen, um unterschiedliche Typen und Gr\u00f6\u00dfen von Dies zu erfassen. F\u00fcr die Inspektion eines kompletten Wafers mit ca. 70.000 Dies ben\u00f6tigt das Hochleistungsger\u00e4t nur 2 Minuten. Wafer pro Stunde +30 Wafer [&hellip;]<\/p>\n","protected":false},"author":3,"featured_media":13382,"parent":14724,"menu_order":214,"comment_status":"closed","ping_status":"closed","template":"","meta":{"footnotes":""},"industry":[],"maincategory":[],"package":[],"process-features":[],"sub-category":[],"acf":[],"yoast_head":"<!-- This site is optimized with the Yoast SEO Premium plugin v20.5 (Yoast SEO v22.1) - https:\/\/yoast.com\/wordpress\/plugins\/seo\/ -->\n<title>Trooper-V Wafer-Level AOI Handler f\u00fcr Wafer-Rekonstruktion - 4JMSolutions<\/title>\n<meta name=\"description\" content=\"Trooper-V is a high speed wafer-level AOI handler. It can detect: (Scratch Crack, Chipping Metal Peeling,Foreign Material Missing Die Edge Bur\" \/>\n<meta name=\"robots\" content=\"index, follow, max-snippet:-1, max-image-preview:large, max-video-preview:-1\" \/>\n<link rel=\"canonical\" href=\"https:\/\/4jmsolutions.com\/de\/ausruestung\/halbleiter-sensor-einzelne-komponenten\/front-end\/wafer-rekonstruktion\/trooper-v-wafer-level-aoi-handler-fuer-wafer-rekonstruktion\/\" \/>\n<meta property=\"og:locale\" content=\"de_DE\" \/>\n<meta property=\"og:type\" content=\"article\" \/>\n<meta property=\"og:title\" content=\"Trooper-V Wafer-Level AOI Handler f\u00fcr Wafer-Rekonstruktion\" \/>\n<meta property=\"og:description\" content=\"Trooper-V is a high speed wafer-level AOI handler. It can detect: (Scratch Crack, Chipping Metal Peeling,Foreign Material Missing Die Edge Bur\" \/>\n<meta property=\"og:url\" content=\"https:\/\/4jmsolutions.com\/de\/ausruestung\/halbleiter-sensor-einzelne-komponenten\/front-end\/wafer-rekonstruktion\/trooper-v-wafer-level-aoi-handler-fuer-wafer-rekonstruktion\/\" \/>\n<meta property=\"og:site_name\" content=\"4JMSolutions\" \/>\n<meta property=\"article:modified_time\" content=\"2024-02-27T09:07:12+00:00\" \/>\n<meta property=\"og:image\" content=\"https:\/\/4jmsolutions.com\/wp-content\/uploads\/2022\/11\/trooper-v-wafer-level-aoi-handler-thumbnail-2.png\" \/>\n\t<meta property=\"og:image:width\" content=\"635\" \/>\n\t<meta property=\"og:image:height\" content=\"463\" \/>\n\t<meta property=\"og:image:type\" content=\"image\/png\" \/>\n<meta name=\"twitter:card\" content=\"summary_large_image\" \/>\n<meta name=\"twitter:label1\" content=\"Gesch\u00e4tzte Lesezeit\" \/>\n\t<meta name=\"twitter:data1\" content=\"1\u00a0Minute\" \/>\n<script type=\"application\/ld+json\" class=\"yoast-schema-graph\">{\"@context\":\"https:\/\/schema.org\",\"@graph\":[{\"@type\":\"WebPage\",\"@id\":\"https:\/\/4jmsolutions.com\/de\/ausruestung\/halbleiter-sensor-einzelne-komponenten\/front-end\/wafer-rekonstruktion\/trooper-v-wafer-level-aoi-handler-fuer-wafer-rekonstruktion\/\",\"url\":\"https:\/\/4jmsolutions.com\/de\/ausruestung\/halbleiter-sensor-einzelne-komponenten\/front-end\/wafer-rekonstruktion\/trooper-v-wafer-level-aoi-handler-fuer-wafer-rekonstruktion\/\",\"name\":\"Trooper-V Wafer-Level AOI Handler f\u00fcr Wafer-Rekonstruktion - 4JMSolutions\",\"isPartOf\":{\"@id\":\"https:\/\/4jmsolutions.com\/#website\"},\"datePublished\":\"2022-10-03T06:58:20+00:00\",\"dateModified\":\"2024-02-27T09:07:12+00:00\",\"description\":\"Trooper-V is a high speed wafer-level AOI handler. It can detect: (Scratch Crack, Chipping Metal Peeling,Foreign Material Missing Die Edge Bur\",\"breadcrumb\":{\"@id\":\"https:\/\/4jmsolutions.com\/de\/ausruestung\/halbleiter-sensor-einzelne-komponenten\/front-end\/wafer-rekonstruktion\/trooper-v-wafer-level-aoi-handler-fuer-wafer-rekonstruktion\/#breadcrumb\"},\"inLanguage\":\"de\",\"potentialAction\":[{\"@type\":\"ReadAction\",\"target\":[\"https:\/\/4jmsolutions.com\/de\/ausruestung\/halbleiter-sensor-einzelne-komponenten\/front-end\/wafer-rekonstruktion\/trooper-v-wafer-level-aoi-handler-fuer-wafer-rekonstruktion\/\"]}]},{\"@type\":\"BreadcrumbList\",\"@id\":\"https:\/\/4jmsolutions.com\/de\/ausruestung\/halbleiter-sensor-einzelne-komponenten\/front-end\/wafer-rekonstruktion\/trooper-v-wafer-level-aoi-handler-fuer-wafer-rekonstruktion\/#breadcrumb\",\"itemListElement\":[{\"@type\":\"ListItem\",\"position\":1,\"name\":\"Home\",\"item\":\"https:\/\/4jmsolutions.com\/de\/\"},{\"@type\":\"ListItem\",\"position\":2,\"name\":\"Ausr\u00fcstung\",\"item\":\"https:\/\/4jmsolutions.com\/de\/ausruestung\/\"},{\"@type\":\"ListItem\",\"position\":3,\"name\":\"Halbleiter Sensor Einzelne Komponenten\",\"item\":\"https:\/\/4jmsolutions.com\/de\/ausruestung\/halbleiter-sensor-einzelne-komponenten\/\"},{\"@type\":\"ListItem\",\"position\":4,\"name\":\"Front-End-Maschinen f\u00fcr die Halbleiterproduktion\",\"item\":\"https:\/\/4jmsolutions.com\/de\/ausruestung\/halbleiter-sensor-einzelne-komponenten\/front-end\/\"},{\"@type\":\"ListItem\",\"position\":5,\"name\":\"Wafer-Rekonstruktion\",\"item\":\"https:\/\/4jmsolutions.com\/de\/ausruestung\/halbleiter-sensor-einzelne-komponenten\/front-end\/wafer-rekonstruktion\/\"},{\"@type\":\"ListItem\",\"position\":6,\"name\":\"Trooper-V Wafer-Level AOI Handler f\u00fcr Wafer-Rekonstruktion\"}]},{\"@type\":\"WebSite\",\"@id\":\"https:\/\/4jmsolutions.com\/#website\",\"url\":\"https:\/\/4jmsolutions.com\/\",\"name\":\"4JMSolutions\",\"description\":\"\",\"potentialAction\":[{\"@type\":\"SearchAction\",\"target\":{\"@type\":\"EntryPoint\",\"urlTemplate\":\"https:\/\/4jmsolutions.com\/?s={search_term_string}\"},\"query-input\":\"required name=search_term_string\"}],\"inLanguage\":\"de\"}]}<\/script>\n<!-- \/ Yoast SEO Premium plugin. -->","yoast_head_json":{"title":"Trooper-V Wafer-Level AOI Handler f\u00fcr Wafer-Rekonstruktion - 4JMSolutions","description":"Trooper-V is a high speed wafer-level AOI handler. It can detect: (Scratch Crack, Chipping Metal Peeling,Foreign Material Missing Die Edge Bur","robots":{"index":"index","follow":"follow","max-snippet":"max-snippet:-1","max-image-preview":"max-image-preview:large","max-video-preview":"max-video-preview:-1"},"canonical":"https:\/\/4jmsolutions.com\/de\/ausruestung\/halbleiter-sensor-einzelne-komponenten\/front-end\/wafer-rekonstruktion\/trooper-v-wafer-level-aoi-handler-fuer-wafer-rekonstruktion\/","og_locale":"de_DE","og_type":"article","og_title":"Trooper-V Wafer-Level AOI Handler f\u00fcr Wafer-Rekonstruktion","og_description":"Trooper-V is a high speed wafer-level AOI handler. It can detect: (Scratch Crack, Chipping Metal Peeling,Foreign Material Missing Die Edge Bur","og_url":"https:\/\/4jmsolutions.com\/de\/ausruestung\/halbleiter-sensor-einzelne-komponenten\/front-end\/wafer-rekonstruktion\/trooper-v-wafer-level-aoi-handler-fuer-wafer-rekonstruktion\/","og_site_name":"4JMSolutions","article_modified_time":"2024-02-27T09:07:12+00:00","og_image":[{"width":635,"height":463,"url":"https:\/\/4jmsolutions.com\/wp-content\/uploads\/2022\/11\/trooper-v-wafer-level-aoi-handler-thumbnail-2.png","type":"image\/png"}],"twitter_card":"summary_large_image","twitter_misc":{"Gesch\u00e4tzte Lesezeit":"1\u00a0Minute"},"schema":{"@context":"https:\/\/schema.org","@graph":[{"@type":"WebPage","@id":"https:\/\/4jmsolutions.com\/de\/ausruestung\/halbleiter-sensor-einzelne-komponenten\/front-end\/wafer-rekonstruktion\/trooper-v-wafer-level-aoi-handler-fuer-wafer-rekonstruktion\/","url":"https:\/\/4jmsolutions.com\/de\/ausruestung\/halbleiter-sensor-einzelne-komponenten\/front-end\/wafer-rekonstruktion\/trooper-v-wafer-level-aoi-handler-fuer-wafer-rekonstruktion\/","name":"Trooper-V Wafer-Level AOI Handler f\u00fcr Wafer-Rekonstruktion - 4JMSolutions","isPartOf":{"@id":"https:\/\/4jmsolutions.com\/#website"},"datePublished":"2022-10-03T06:58:20+00:00","dateModified":"2024-02-27T09:07:12+00:00","description":"Trooper-V is a high speed wafer-level AOI handler. It can detect: (Scratch Crack, Chipping Metal Peeling,Foreign Material Missing Die Edge Bur","breadcrumb":{"@id":"https:\/\/4jmsolutions.com\/de\/ausruestung\/halbleiter-sensor-einzelne-komponenten\/front-end\/wafer-rekonstruktion\/trooper-v-wafer-level-aoi-handler-fuer-wafer-rekonstruktion\/#breadcrumb"},"inLanguage":"de","potentialAction":[{"@type":"ReadAction","target":["https:\/\/4jmsolutions.com\/de\/ausruestung\/halbleiter-sensor-einzelne-komponenten\/front-end\/wafer-rekonstruktion\/trooper-v-wafer-level-aoi-handler-fuer-wafer-rekonstruktion\/"]}]},{"@type":"BreadcrumbList","@id":"https:\/\/4jmsolutions.com\/de\/ausruestung\/halbleiter-sensor-einzelne-komponenten\/front-end\/wafer-rekonstruktion\/trooper-v-wafer-level-aoi-handler-fuer-wafer-rekonstruktion\/#breadcrumb","itemListElement":[{"@type":"ListItem","position":1,"name":"Home","item":"https:\/\/4jmsolutions.com\/de\/"},{"@type":"ListItem","position":2,"name":"Ausr\u00fcstung","item":"https:\/\/4jmsolutions.com\/de\/ausruestung\/"},{"@type":"ListItem","position":3,"name":"Halbleiter Sensor Einzelne Komponenten","item":"https:\/\/4jmsolutions.com\/de\/ausruestung\/halbleiter-sensor-einzelne-komponenten\/"},{"@type":"ListItem","position":4,"name":"Front-End-Maschinen f\u00fcr die Halbleiterproduktion","item":"https:\/\/4jmsolutions.com\/de\/ausruestung\/halbleiter-sensor-einzelne-komponenten\/front-end\/"},{"@type":"ListItem","position":5,"name":"Wafer-Rekonstruktion","item":"https:\/\/4jmsolutions.com\/de\/ausruestung\/halbleiter-sensor-einzelne-komponenten\/front-end\/wafer-rekonstruktion\/"},{"@type":"ListItem","position":6,"name":"Trooper-V Wafer-Level AOI Handler f\u00fcr Wafer-Rekonstruktion"}]},{"@type":"WebSite","@id":"https:\/\/4jmsolutions.com\/#website","url":"https:\/\/4jmsolutions.com\/","name":"4JMSolutions","description":"","potentialAction":[{"@type":"SearchAction","target":{"@type":"EntryPoint","urlTemplate":"https:\/\/4jmsolutions.com\/?s={search_term_string}"},"query-input":"required name=search_term_string"}],"inLanguage":"de"}]}},"_links":{"self":[{"href":"https:\/\/4jmsolutions.com\/de\/wp-json\/wp\/v2\/pages\/15408"}],"collection":[{"href":"https:\/\/4jmsolutions.com\/de\/wp-json\/wp\/v2\/pages"}],"about":[{"href":"https:\/\/4jmsolutions.com\/de\/wp-json\/wp\/v2\/types\/page"}],"author":[{"embeddable":true,"href":"https:\/\/4jmsolutions.com\/de\/wp-json\/wp\/v2\/users\/3"}],"replies":[{"embeddable":true,"href":"https:\/\/4jmsolutions.com\/de\/wp-json\/wp\/v2\/comments?post=15408"}],"version-history":[{"count":4,"href":"https:\/\/4jmsolutions.com\/de\/wp-json\/wp\/v2\/pages\/15408\/revisions"}],"predecessor-version":[{"id":15413,"href":"https:\/\/4jmsolutions.com\/de\/wp-json\/wp\/v2\/pages\/15408\/revisions\/15413"}],"up":[{"embeddable":true,"href":"https:\/\/4jmsolutions.com\/de\/wp-json\/wp\/v2\/pages\/14724"}],"wp:featuredmedia":[{"embeddable":true,"href":"https:\/\/4jmsolutions.com\/de\/wp-json\/wp\/v2\/media\/13382"}],"wp:attachment":[{"href":"https:\/\/4jmsolutions.com\/de\/wp-json\/wp\/v2\/media?parent=15408"}],"wp:term":[{"taxonomy":"industry","embeddable":true,"href":"https:\/\/4jmsolutions.com\/de\/wp-json\/wp\/v2\/industry?post=15408"},{"taxonomy":"maincategory","embeddable":true,"href":"https:\/\/4jmsolutions.com\/de\/wp-json\/wp\/v2\/maincategory?post=15408"},{"taxonomy":"package","embeddable":true,"href":"https:\/\/4jmsolutions.com\/de\/wp-json\/wp\/v2\/package?post=15408"},{"taxonomy":"process-features","embeddable":true,"href":"https:\/\/4jmsolutions.com\/de\/wp-json\/wp\/v2\/process-features?post=15408"},{"taxonomy":"sub-category","embeddable":true,"href":"https:\/\/4jmsolutions.com\/de\/wp-json\/wp\/v2\/sub-category?post=15408"}],"curies":[{"name":"wp","href":"https:\/\/api.w.org\/{rel}","templated":true}]}}