{"id":14645,"date":"2022-09-04T09:53:15","date_gmt":"2022-09-04T09:53:15","guid":{"rendered":"https:\/\/newsite.com\/front-end\/"},"modified":"2024-01-25T14:52:07","modified_gmt":"2024-01-25T14:52:07","slug":"front-end","status":"publish","type":"page","link":"https:\/\/4jmsolutions.com\/fr\/equipement\/semiconducteur-detection-composants-discrets\/front-end\/","title":{"rendered":"Machines Front-End"},"content":{"rendered":"\t\t<div data-elementor-type=\"wp-page\" data-elementor-id=\"14645\" class=\"elementor elementor-14645\" data-elementor-post-type=\"page\">\n\t\t\t\t\t\t<section data-particle_enable=\"false\" data-particle-mobile-disabled=\"false\" class=\"elementor-section elementor-top-section elementor-element elementor-element-61acf95b elementor-section-boxed elementor-section-height-default elementor-section-height-default\" data-id=\"61acf95b\" data-element_type=\"section\">\n\t\t\t\t\t\t<div class=\"elementor-container elementor-column-gap-default\">\n\t\t\t\t\t<div class=\"elementor-column elementor-col-100 elementor-top-column elementor-element elementor-element-1a4f6ec2\" data-id=\"1a4f6ec2\" data-element_type=\"column\">\n\t\t\t<div class=\"elementor-widget-wrap elementor-element-populated\">\n\t\t\t\t\t\t<div class=\"elementor-element elementor-element-ae45f7c elementor-widget elementor-widget-heading\" data-id=\"ae45f7c\" data-element_type=\"widget\" data-widget_type=\"heading.default\">\n\t\t\t\t<div class=\"elementor-widget-container\">\n\t\t\t<style>\/*! elementor - v3.19.0 - 28-02-2024 *\/\n.elementor-heading-title{padding:0;margin:0;line-height:1}.elementor-widget-heading .elementor-heading-title[class*=elementor-size-]>a{color:inherit;font-size:inherit;line-height:inherit}.elementor-widget-heading .elementor-heading-title.elementor-size-small{font-size:15px}.elementor-widget-heading .elementor-heading-title.elementor-size-medium{font-size:19px}.elementor-widget-heading .elementor-heading-title.elementor-size-large{font-size:29px}.elementor-widget-heading .elementor-heading-title.elementor-size-xl{font-size:39px}.elementor-widget-heading .elementor-heading-title.elementor-size-xxl{font-size:59px}<\/style><h2 class=\"elementor-heading-title elementor-size-default\">Machines Front-End<\/h2>\t\t<\/div>\n\t\t\t\t<\/div>\n\t\t\t\t<div class=\"elementor-element elementor-element-63682abc elementor-widget elementor-widget-text-editor\" data-id=\"63682abc\" data-element_type=\"widget\" data-widget_type=\"text-editor.default\">\n\t\t\t\t<div class=\"elementor-widget-container\">\n\t\t\t<style>\/*! elementor - v3.19.0 - 28-02-2024 *\/\n.elementor-widget-text-editor.elementor-drop-cap-view-stacked .elementor-drop-cap{background-color:#69727d;color:#fff}.elementor-widget-text-editor.elementor-drop-cap-view-framed .elementor-drop-cap{color:#69727d;border:3px solid;background-color:transparent}.elementor-widget-text-editor:not(.elementor-drop-cap-view-default) .elementor-drop-cap{margin-top:8px}.elementor-widget-text-editor:not(.elementor-drop-cap-view-default) .elementor-drop-cap-letter{width:1em;height:1em}.elementor-widget-text-editor .elementor-drop-cap{float:left;text-align:center;line-height:1;font-size:50px}.elementor-widget-text-editor .elementor-drop-cap-letter{display:inline-block}<\/style>\t\t\t\t<h5>Nous offrons des dispositifs de haute technologie pour les processus Front-End, du test des wafer \u00e0 la die bonding . Chez 4JMSolutions, nous proposons notamment des Wafer-Level VCSEL ainsi que divers \u00e9quipements tels que des trieurs, syst\u00e8mes d&rsquo;inspection et de mesure, syst\u00e8mes de bonding et m\u00eame une solution compl\u00e8te pour la reconstruction de wafer et le flip-chip.<\/h5>\t\t\t\t\t\t<\/div>\n\t\t\t\t<\/div>\n\t\t\t\t<div class=\"elementor-element elementor-element-6fa378c1 elementor-grid-4 elementor-posts--align-center elementor-grid-tablet-2 elementor-grid-mobile-1 elementor-posts--thumbnail-top elementor-card-shadow-yes elementor-posts__hover-gradient elementor-widget elementor-widget-posts\" data-id=\"6fa378c1\" data-element_type=\"widget\" data-settings=\"{&quot;cards_columns&quot;:&quot;4&quot;,&quot;cards_columns_tablet&quot;:&quot;2&quot;,&quot;cards_columns_mobile&quot;:&quot;1&quot;,&quot;cards_row_gap&quot;:{&quot;unit&quot;:&quot;px&quot;,&quot;size&quot;:35,&quot;sizes&quot;:[]},&quot;cards_row_gap_tablet&quot;:{&quot;unit&quot;:&quot;px&quot;,&quot;size&quot;:&quot;&quot;,&quot;sizes&quot;:[]},&quot;cards_row_gap_mobile&quot;:{&quot;unit&quot;:&quot;px&quot;,&quot;size&quot;:&quot;&quot;,&quot;sizes&quot;:[]}}\" data-widget_type=\"posts.cards\">\n\t\t\t\t<div class=\"elementor-widget-container\">\n\t\t\t<link rel=\"stylesheet\" href=\"http:\/\/4jmsolutions.com\/wp-content\/plugins\/elementor-pro\/assets\/css\/widget-posts.min.css\">\t\t<div class=\"elementor-posts-container elementor-posts elementor-posts--skin-cards elementor-grid\">\n\t\t\t\t<article class=\"elementor-post elementor-grid-item post-14766 page type-page status-publish has-post-thumbnail hentry\">\n\t\t\t<div class=\"elementor-post__card\">\n\t\t\t\t<a class=\"elementor-post__thumbnail__link\" href=\"https:\/\/4jmsolutions.com\/fr\/equipement\/semiconducteur-detection-composants-discrets\/front-end\/raw-wafer-mapping\/\" tabindex=\"-1\" ><div class=\"elementor-post__thumbnail\"><img decoding=\"async\" width=\"150\" height=\"150\" src=\"https:\/\/4jmsolutions.com\/wp-content\/uploads\/2023\/04\/ysystems-thumbnail.png\" class=\"attachment-full size-full wp-image-14033\" alt=\"\" \/><\/div><\/a>\n\t\t\t\t<div class=\"elementor-post__text\">\n\t\t\t\t<h3 class=\"elementor-post__title\">\n\t\t\t<a href=\"https:\/\/4jmsolutions.com\/fr\/equipement\/semiconducteur-detection-composants-discrets\/front-end\/raw-wafer-mapping\/\" >\n\t\t\t\tCartographieurs de Wafers\t\t\t<\/a>\n\t\t<\/h3>\n\t\t\t\t<\/div>\n\t\t\t\t\t<\/div>\n\t\t<\/article>\n\t\t\t\t<article class=\"elementor-post elementor-grid-item post-14756 page type-page status-publish has-post-thumbnail hentry\">\n\t\t\t<div class=\"elementor-post__card\">\n\t\t\t\t<a class=\"elementor-post__thumbnail__link\" href=\"https:\/\/4jmsolutions.com\/fr\/equipement\/semiconducteur-detection-composants-discrets\/front-end\/flip-chip\/\" tabindex=\"-1\" ><div class=\"elementor-post__thumbnail\"><img fetchpriority=\"high\" decoding=\"async\" width=\"635\" height=\"463\" src=\"https:\/\/4jmsolutions.com\/wp-content\/uploads\/2022\/11\/flip-chip-placer-eagle-a3000-thumbnail-1.png\" class=\"attachment-full size-full wp-image-13405\" alt=\"\" srcset=\"https:\/\/4jmsolutions.com\/wp-content\/uploads\/2022\/11\/flip-chip-placer-eagle-a3000-thumbnail-1.png 635w, https:\/\/4jmsolutions.com\/wp-content\/uploads\/2022\/11\/flip-chip-placer-eagle-a3000-thumbnail-1-300x219.png 300w\" sizes=\"(max-width: 635px) 100vw, 635px\" \/><\/div><\/a>\n\t\t\t\t<div class=\"elementor-post__text\">\n\t\t\t\t<h3 class=\"elementor-post__title\">\n\t\t\t<a href=\"https:\/\/4jmsolutions.com\/fr\/equipement\/semiconducteur-detection-composants-discrets\/front-end\/flip-chip\/\" >\n\t\t\t\tFlip Chip\t\t\t<\/a>\n\t\t<\/h3>\n\t\t\t\t<\/div>\n\t\t\t\t\t<\/div>\n\t\t<\/article>\n\t\t\t\t<article class=\"elementor-post elementor-grid-item post-14744 page type-page status-publish has-post-thumbnail hentry\">\n\t\t\t<div class=\"elementor-post__card\">\n\t\t\t\t<a class=\"elementor-post__thumbnail__link\" href=\"https:\/\/4jmsolutions.com\/fr\/equipement\/semiconducteur-detection-composants-discrets\/front-end\/machines-die-bonders\/\" tabindex=\"-1\" ><div class=\"elementor-post__thumbnail\"><img decoding=\"async\" width=\"635\" height=\"463\" src=\"https:\/\/4jmsolutions.com\/wp-content\/uploads\/2022\/11\/die-bonding-1-thumbnail-1.png\" class=\"attachment-full size-full wp-image-13407\" alt=\"\" srcset=\"https:\/\/4jmsolutions.com\/wp-content\/uploads\/2022\/11\/die-bonding-1-thumbnail-1.png 635w, https:\/\/4jmsolutions.com\/wp-content\/uploads\/2022\/11\/die-bonding-1-thumbnail-1-300x219.png 300w\" sizes=\"(max-width: 635px) 100vw, 635px\" \/><\/div><\/a>\n\t\t\t\t<div class=\"elementor-post__text\">\n\t\t\t\t<h3 class=\"elementor-post__title\">\n\t\t\t<a href=\"https:\/\/4jmsolutions.com\/fr\/equipement\/semiconducteur-detection-composants-discrets\/front-end\/machines-die-bonders\/\" >\n\t\t\t\tMachines Die Bonders\t\t\t<\/a>\n\t\t<\/h3>\n\t\t\t\t<\/div>\n\t\t\t\t\t<\/div>\n\t\t<\/article>\n\t\t\t\t<article class=\"elementor-post elementor-grid-item post-14731 page type-page status-publish has-post-thumbnail hentry\">\n\t\t\t<div class=\"elementor-post__card\">\n\t\t\t\t<a class=\"elementor-post__thumbnail__link\" href=\"https:\/\/4jmsolutions.com\/fr\/equipement\/semiconducteur-detection-composants-discrets\/front-end\/machine-a-trier-des-dies\/\" tabindex=\"-1\" ><div class=\"elementor-post__thumbnail\"><img loading=\"lazy\" decoding=\"async\" width=\"635\" height=\"463\" src=\"https:\/\/4jmsolutions.com\/wp-content\/uploads\/2022\/11\/optimus-mr3-wafer-to-wafer-thumbnail-1.png\" class=\"attachment-full size-full wp-image-13393\" alt=\"\" srcset=\"https:\/\/4jmsolutions.com\/wp-content\/uploads\/2022\/11\/optimus-mr3-wafer-to-wafer-thumbnail-1.png 635w, https:\/\/4jmsolutions.com\/wp-content\/uploads\/2022\/11\/optimus-mr3-wafer-to-wafer-thumbnail-1-300x219.png 300w\" sizes=\"(max-width: 635px) 100vw, 635px\" \/><\/div><\/a>\n\t\t\t\t<div class=\"elementor-post__text\">\n\t\t\t\t<h3 class=\"elementor-post__title\">\n\t\t\t<a href=\"https:\/\/4jmsolutions.com\/fr\/equipement\/semiconducteur-detection-composants-discrets\/front-end\/machine-a-trier-des-dies\/\" >\n\t\t\t\tMachine \u00e0 trier des dies\t\t\t<\/a>\n\t\t<\/h3>\n\t\t\t\t<\/div>\n\t\t\t\t\t<\/div>\n\t\t<\/article>\n\t\t\t\t<article class=\"elementor-post elementor-grid-item post-14717 page type-page status-publish has-post-thumbnail hentry\">\n\t\t\t<div class=\"elementor-post__card\">\n\t\t\t\t<a class=\"elementor-post__thumbnail__link\" href=\"https:\/\/4jmsolutions.com\/fr\/equipement\/semiconducteur-detection-composants-discrets\/front-end\/reconstruction-des-wafres\/\" tabindex=\"-1\" ><div class=\"elementor-post__thumbnail\"><img loading=\"lazy\" decoding=\"async\" width=\"635\" height=\"463\" src=\"https:\/\/4jmsolutions.com\/wp-content\/uploads\/2022\/11\/trooper-v-wafer-level-aoi-handler-thumbnail-3.png\" class=\"attachment-full size-full wp-image-13383\" alt=\"\" srcset=\"https:\/\/4jmsolutions.com\/wp-content\/uploads\/2022\/11\/trooper-v-wafer-level-aoi-handler-thumbnail-3.png 635w, https:\/\/4jmsolutions.com\/wp-content\/uploads\/2022\/11\/trooper-v-wafer-level-aoi-handler-thumbnail-3-300x219.png 300w\" sizes=\"(max-width: 635px) 100vw, 635px\" \/><\/div><\/a>\n\t\t\t\t<div class=\"elementor-post__text\">\n\t\t\t\t<h3 class=\"elementor-post__title\">\n\t\t\t<a href=\"https:\/\/4jmsolutions.com\/fr\/equipement\/semiconducteur-detection-composants-discrets\/front-end\/reconstruction-des-wafres\/\" >\n\t\t\t\tReconstruction des wafres\t\t\t<\/a>\n\t\t<\/h3>\n\t\t\t\t<\/div>\n\t\t\t\t\t<\/div>\n\t\t<\/article>\n\t\t\t\t<article class=\"elementor-post elementor-grid-item post-14705 page type-page status-publish has-post-thumbnail hentry\">\n\t\t\t<div class=\"elementor-post__card\">\n\t\t\t\t<a class=\"elementor-post__thumbnail__link\" href=\"https:\/\/4jmsolutions.com\/fr\/equipement\/semiconducteur-detection-composants-discrets\/front-end\/systemes-avances-aoi-des-wafers\/\" tabindex=\"-1\" ><div class=\"elementor-post__thumbnail\"><img loading=\"lazy\" decoding=\"async\" width=\"635\" height=\"463\" src=\"https:\/\/4jmsolutions.com\/wp-content\/uploads\/2022\/11\/trooper-v-wafer-level-aoi-handler-thumbnail-1.png\" class=\"attachment-full size-full wp-image-13379\" alt=\"\" srcset=\"https:\/\/4jmsolutions.com\/wp-content\/uploads\/2022\/11\/trooper-v-wafer-level-aoi-handler-thumbnail-1.png 635w, https:\/\/4jmsolutions.com\/wp-content\/uploads\/2022\/11\/trooper-v-wafer-level-aoi-handler-thumbnail-1-300x219.png 300w\" sizes=\"(max-width: 635px) 100vw, 635px\" \/><\/div><\/a>\n\t\t\t\t<div class=\"elementor-post__text\">\n\t\t\t\t<h3 class=\"elementor-post__title\">\n\t\t\t<a href=\"https:\/\/4jmsolutions.com\/fr\/equipement\/semiconducteur-detection-composants-discrets\/front-end\/systemes-avances-aoi-des-wafers\/\" >\n\t\t\t\tSyst\u00e8mes Avanc\u00e9s AOI des wafers\t\t\t<\/a>\n\t\t<\/h3>\n\t\t\t\t<\/div>\n\t\t\t\t\t<\/div>\n\t\t<\/article>\n\t\t\t\t<article class=\"elementor-post elementor-grid-item post-14688 page type-page status-publish has-post-thumbnail hentry\">\n\t\t\t<div class=\"elementor-post__card\">\n\t\t\t\t<a class=\"elementor-post__thumbnail__link\" href=\"https:\/\/4jmsolutions.com\/fr\/equipement\/semiconducteur-detection-composants-discrets\/front-end\/trieuses-de-wafer-avec-aoi\/\" tabindex=\"-1\" ><div class=\"elementor-post__thumbnail\"><img loading=\"lazy\" decoding=\"async\" width=\"635\" height=\"463\" src=\"https:\/\/4jmsolutions.com\/wp-content\/uploads\/2022\/11\/wafer-sorter-1-thumbnail-1.png\" class=\"attachment-full size-full wp-image-13375\" alt=\"\" srcset=\"https:\/\/4jmsolutions.com\/wp-content\/uploads\/2022\/11\/wafer-sorter-1-thumbnail-1.png 635w, https:\/\/4jmsolutions.com\/wp-content\/uploads\/2022\/11\/wafer-sorter-1-thumbnail-1-300x219.png 300w\" sizes=\"(max-width: 635px) 100vw, 635px\" \/><\/div><\/a>\n\t\t\t\t<div class=\"elementor-post__text\">\n\t\t\t\t<h3 class=\"elementor-post__title\">\n\t\t\t<a href=\"https:\/\/4jmsolutions.com\/fr\/equipement\/semiconducteur-detection-composants-discrets\/front-end\/trieuses-de-wafer-avec-aoi\/\" >\n\t\t\t\tTrieuses de wafer avec AOI\t\t\t<\/a>\n\t\t<\/h3>\n\t\t\t\t<\/div>\n\t\t\t\t\t<\/div>\n\t\t<\/article>\n\t\t\t\t<article class=\"elementor-post elementor-grid-item post-14656 page type-page status-publish has-post-thumbnail hentry\">\n\t\t\t<div class=\"elementor-post__card\">\n\t\t\t\t<a class=\"elementor-post__thumbnail__link\" href=\"https:\/\/4jmsolutions.com\/fr\/equipement\/semiconducteur-detection-composants-discrets\/front-end\/niveau-de-deverminage-de-plaquette\/\" tabindex=\"-1\" ><div class=\"elementor-post__thumbnail\"><img loading=\"lazy\" decoding=\"async\" width=\"635\" height=\"463\" src=\"https:\/\/4jmsolutions.com\/wp-content\/uploads\/2022\/11\/trooper-bi-wafer-level-vcselledmicro-led-burn-in-test-system-thumbnail-1.png\" class=\"attachment-full size-full wp-image-13361\" alt=\"\" srcset=\"https:\/\/4jmsolutions.com\/wp-content\/uploads\/2022\/11\/trooper-bi-wafer-level-vcselledmicro-led-burn-in-test-system-thumbnail-1.png 635w, https:\/\/4jmsolutions.com\/wp-content\/uploads\/2022\/11\/trooper-bi-wafer-level-vcselledmicro-led-burn-in-test-system-thumbnail-1-300x219.png 300w\" sizes=\"(max-width: 635px) 100vw, 635px\" \/><\/div><\/a>\n\t\t\t\t<div class=\"elementor-post__text\">\n\t\t\t\t<h3 class=\"elementor-post__title\">\n\t\t\t<a href=\"https:\/\/4jmsolutions.com\/fr\/equipement\/semiconducteur-detection-composants-discrets\/front-end\/niveau-de-deverminage-de-plaquette\/\" >\n\t\t\t\tWafer Level Burn in\t\t\t<\/a>\n\t\t<\/h3>\n\t\t\t\t<\/div>\n\t\t\t\t\t<\/div>\n\t\t<\/article>\n\t\t\t\t<article class=\"elementor-post elementor-grid-item post-14632 page type-page status-publish has-post-thumbnail hentry\">\n\t\t\t<div class=\"elementor-post__card\">\n\t\t\t\t<a class=\"elementor-post__thumbnail__link\" href=\"https:\/\/4jmsolutions.com\/fr\/equipement\/semiconducteur-detection-composants-discrets\/front-end\/equipement-semiconducteur-capteur-discret-composants-avant-poste-systemes-dapplication-laser\/\" tabindex=\"-1\" ><div class=\"elementor-post__thumbnail\"><img loading=\"lazy\" decoding=\"async\" width=\"635\" height=\"463\" src=\"https:\/\/4jmsolutions.com\/wp-content\/uploads\/2022\/11\/laser-app.-systems-thumbnail-1.png\" class=\"attachment-full size-full wp-image-13349\" alt=\"\" srcset=\"https:\/\/4jmsolutions.com\/wp-content\/uploads\/2022\/11\/laser-app.-systems-thumbnail-1.png 635w, https:\/\/4jmsolutions.com\/wp-content\/uploads\/2022\/11\/laser-app.-systems-thumbnail-1-300x219.png 300w\" sizes=\"(max-width: 635px) 100vw, 635px\" \/><\/div><\/a>\n\t\t\t\t<div class=\"elementor-post__text\">\n\t\t\t\t<h3 class=\"elementor-post__title\">\n\t\t\t<a href=\"https:\/\/4jmsolutions.com\/fr\/equipement\/semiconducteur-detection-composants-discrets\/front-end\/equipement-semiconducteur-capteur-discret-composants-avant-poste-systemes-dapplication-laser\/\" >\n\t\t\t\tSyst\u00e8mes d&rsquo;application laser\t\t\t<\/a>\n\t\t<\/h3>\n\t\t\t\t<\/div>\n\t\t\t\t\t<\/div>\n\t\t<\/article>\n\t\t\t\t<article class=\"elementor-post elementor-grid-item post-14608 page type-page status-publish has-post-thumbnail hentry\">\n\t\t\t<div class=\"elementor-post__card\">\n\t\t\t\t<a class=\"elementor-post__thumbnail__link\" href=\"https:\/\/4jmsolutions.com\/fr\/equipement\/semiconducteur-detection-composants-discrets\/front-end\/equipement-semiconducteur-composants-discrets-des-capteurs-front-end\/\" tabindex=\"-1\" ><div class=\"elementor-post__thumbnail\"><img loading=\"lazy\" decoding=\"async\" width=\"635\" height=\"463\" src=\"https:\/\/4jmsolutions.com\/wp-content\/uploads\/2022\/11\/trooper-t-optical-vcsel-wafer-tester-thumbnail.png\" class=\"attachment-full size-full wp-image-13333\" alt=\"\" srcset=\"https:\/\/4jmsolutions.com\/wp-content\/uploads\/2022\/11\/trooper-t-optical-vcsel-wafer-tester-thumbnail.png 635w, https:\/\/4jmsolutions.com\/wp-content\/uploads\/2022\/11\/trooper-t-optical-vcsel-wafer-tester-thumbnail-300x219.png 300w\" sizes=\"(max-width: 635px) 100vw, 635px\" \/><\/div><\/a>\n\t\t\t\t<div class=\"elementor-post__text\">\n\t\t\t\t<h3 class=\"elementor-post__title\">\n\t\t\t<a href=\"https:\/\/4jmsolutions.com\/fr\/equipement\/semiconducteur-detection-composants-discrets\/front-end\/equipement-semiconducteur-composants-discrets-des-capteurs-front-end\/\" >\n\t\t\t\tTest de Wafer\t\t\t<\/a>\n\t\t<\/h3>\n\t\t\t\t<\/div>\n\t\t\t\t\t<\/div>\n\t\t<\/article>\n\t\t\t\t<\/div>\n\t\t\n\t\t\t\t<\/div>\n\t\t\t\t<\/div>\n\t\t\t\t\t<\/div>\n\t\t<\/div>\n\t\t\t\t\t<\/div>\n\t\t<\/section>\n\t\t\t\t<\/div>\n\t\t","protected":false},"excerpt":{"rendered":"<p>Machines Front-End Nous offrons des dispositifs de haute technologie pour les processus Front-End, du test des wafer \u00e0 la die bonding . Chez 4JMSolutions, nous<\/p>\n","protected":false},"author":1,"featured_media":0,"parent":14943,"menu_order":111,"comment_status":"closed","ping_status":"closed","template":"","meta":{"footnotes":""},"industry":[],"maincategory":[],"package":[],"process-features":[],"sub-category":[],"acf":[],"yoast_head":"<!-- This site is optimized with the Yoast SEO Premium plugin v20.5 (Yoast SEO v22.1) - https:\/\/yoast.com\/wordpress\/plugins\/seo\/ -->\n<title>Front-End Machines for Semiconductor production- 4JMSolutions<\/title>\n<meta name=\"description\" content=\"We offer Wafer-Level VCSEL as well as sorters, inspection systems, measurement systems, bonding systems, wafer reconstruction and flip-chip.\" \/>\n<meta name=\"robots\" content=\"index, follow, max-snippet:-1, max-image-preview:large, max-video-preview:-1\" \/>\n<link rel=\"canonical\" href=\"https:\/\/4jmsolutions.com\/fr\/equipement\/semiconducteur-detection-composants-discrets\/front-end\/\" \/>\n<meta property=\"og:locale\" content=\"fr_FR\" \/>\n<meta property=\"og:type\" content=\"article\" \/>\n<meta property=\"og:title\" content=\"Machines Front-End\" \/>\n<meta property=\"og:description\" content=\"We offer Wafer-Level VCSEL as well as sorters, inspection systems, measurement systems, bonding systems, wafer reconstruction and flip-chip.\" \/>\n<meta property=\"og:url\" content=\"https:\/\/4jmsolutions.com\/fr\/equipement\/semiconducteur-detection-composants-discrets\/front-end\/\" \/>\n<meta property=\"og:site_name\" content=\"4JMSolutions\" \/>\n<meta property=\"article:modified_time\" content=\"2024-01-25T14:52:07+00:00\" \/>\n<meta name=\"twitter:card\" content=\"summary_large_image\" \/>\n<meta name=\"twitter:label1\" content=\"Dur\u00e9e de lecture estim\u00e9e\" \/>\n\t<meta name=\"twitter:data1\" content=\"1 minute\" \/>\n<script type=\"application\/ld+json\" class=\"yoast-schema-graph\">{\"@context\":\"https:\/\/schema.org\",\"@graph\":[{\"@type\":\"WebPage\",\"@id\":\"https:\/\/4jmsolutions.com\/fr\/equipement\/semiconducteur-detection-composants-discrets\/front-end\/\",\"url\":\"https:\/\/4jmsolutions.com\/fr\/equipement\/semiconducteur-detection-composants-discrets\/front-end\/\",\"name\":\"Front-End Machines for Semiconductor production- 4JMSolutions\",\"isPartOf\":{\"@id\":\"https:\/\/4jmsolutions.com\/#website\"},\"datePublished\":\"2022-09-04T09:53:15+00:00\",\"dateModified\":\"2024-01-25T14:52:07+00:00\",\"description\":\"We offer Wafer-Level VCSEL as well as sorters, inspection systems, measurement systems, bonding systems, wafer reconstruction and flip-chip.\",\"breadcrumb\":{\"@id\":\"https:\/\/4jmsolutions.com\/fr\/equipement\/semiconducteur-detection-composants-discrets\/front-end\/#breadcrumb\"},\"inLanguage\":\"fr-FR\",\"potentialAction\":[{\"@type\":\"ReadAction\",\"target\":[\"https:\/\/4jmsolutions.com\/fr\/equipement\/semiconducteur-detection-composants-discrets\/front-end\/\"]}]},{\"@type\":\"BreadcrumbList\",\"@id\":\"https:\/\/4jmsolutions.com\/fr\/equipement\/semiconducteur-detection-composants-discrets\/front-end\/#breadcrumb\",\"itemListElement\":[{\"@type\":\"ListItem\",\"position\":1,\"name\":\"Home\",\"item\":\"https:\/\/4jmsolutions.com\/\"},{\"@type\":\"ListItem\",\"position\":2,\"name\":\"Equipement\",\"item\":\"https:\/\/4jmsolutions.com\/fr\/equipement\/\"},{\"@type\":\"ListItem\",\"position\":3,\"name\":\"Semiconducteur Detection Composants Discrets\",\"item\":\"https:\/\/4jmsolutions.com\/fr\/equipement\/semiconducteur-detection-composants-discrets\/\"},{\"@type\":\"ListItem\",\"position\":4,\"name\":\"Machines Front-End\"}]},{\"@type\":\"WebSite\",\"@id\":\"https:\/\/4jmsolutions.com\/#website\",\"url\":\"https:\/\/4jmsolutions.com\/\",\"name\":\"4JMSolutions\",\"description\":\"\",\"potentialAction\":[{\"@type\":\"SearchAction\",\"target\":{\"@type\":\"EntryPoint\",\"urlTemplate\":\"https:\/\/4jmsolutions.com\/?s={search_term_string}\"},\"query-input\":\"required name=search_term_string\"}],\"inLanguage\":\"fr-FR\"}]}<\/script>\n<!-- \/ Yoast SEO Premium plugin. -->","yoast_head_json":{"title":"Front-End Machines for Semiconductor production- 4JMSolutions","description":"We offer Wafer-Level VCSEL as well as sorters, inspection systems, measurement systems, bonding systems, wafer reconstruction and flip-chip.","robots":{"index":"index","follow":"follow","max-snippet":"max-snippet:-1","max-image-preview":"max-image-preview:large","max-video-preview":"max-video-preview:-1"},"canonical":"https:\/\/4jmsolutions.com\/fr\/equipement\/semiconducteur-detection-composants-discrets\/front-end\/","og_locale":"fr_FR","og_type":"article","og_title":"Machines Front-End","og_description":"We offer Wafer-Level VCSEL as well as sorters, inspection systems, measurement systems, bonding systems, wafer reconstruction and flip-chip.","og_url":"https:\/\/4jmsolutions.com\/fr\/equipement\/semiconducteur-detection-composants-discrets\/front-end\/","og_site_name":"4JMSolutions","article_modified_time":"2024-01-25T14:52:07+00:00","twitter_card":"summary_large_image","twitter_misc":{"Dur\u00e9e de lecture estim\u00e9e":"1 minute"},"schema":{"@context":"https:\/\/schema.org","@graph":[{"@type":"WebPage","@id":"https:\/\/4jmsolutions.com\/fr\/equipement\/semiconducteur-detection-composants-discrets\/front-end\/","url":"https:\/\/4jmsolutions.com\/fr\/equipement\/semiconducteur-detection-composants-discrets\/front-end\/","name":"Front-End Machines for Semiconductor production- 4JMSolutions","isPartOf":{"@id":"https:\/\/4jmsolutions.com\/#website"},"datePublished":"2022-09-04T09:53:15+00:00","dateModified":"2024-01-25T14:52:07+00:00","description":"We offer Wafer-Level VCSEL as well as sorters, inspection systems, measurement systems, bonding systems, wafer reconstruction and flip-chip.","breadcrumb":{"@id":"https:\/\/4jmsolutions.com\/fr\/equipement\/semiconducteur-detection-composants-discrets\/front-end\/#breadcrumb"},"inLanguage":"fr-FR","potentialAction":[{"@type":"ReadAction","target":["https:\/\/4jmsolutions.com\/fr\/equipement\/semiconducteur-detection-composants-discrets\/front-end\/"]}]},{"@type":"BreadcrumbList","@id":"https:\/\/4jmsolutions.com\/fr\/equipement\/semiconducteur-detection-composants-discrets\/front-end\/#breadcrumb","itemListElement":[{"@type":"ListItem","position":1,"name":"Home","item":"https:\/\/4jmsolutions.com\/"},{"@type":"ListItem","position":2,"name":"Equipement","item":"https:\/\/4jmsolutions.com\/fr\/equipement\/"},{"@type":"ListItem","position":3,"name":"Semiconducteur Detection Composants Discrets","item":"https:\/\/4jmsolutions.com\/fr\/equipement\/semiconducteur-detection-composants-discrets\/"},{"@type":"ListItem","position":4,"name":"Machines Front-End"}]},{"@type":"WebSite","@id":"https:\/\/4jmsolutions.com\/#website","url":"https:\/\/4jmsolutions.com\/","name":"4JMSolutions","description":"","potentialAction":[{"@type":"SearchAction","target":{"@type":"EntryPoint","urlTemplate":"https:\/\/4jmsolutions.com\/?s={search_term_string}"},"query-input":"required name=search_term_string"}],"inLanguage":"fr-FR"}]}},"_links":{"self":[{"href":"https:\/\/4jmsolutions.com\/fr\/wp-json\/wp\/v2\/pages\/14645"}],"collection":[{"href":"https:\/\/4jmsolutions.com\/fr\/wp-json\/wp\/v2\/pages"}],"about":[{"href":"https:\/\/4jmsolutions.com\/fr\/wp-json\/wp\/v2\/types\/page"}],"author":[{"embeddable":true,"href":"https:\/\/4jmsolutions.com\/fr\/wp-json\/wp\/v2\/users\/1"}],"replies":[{"embeddable":true,"href":"https:\/\/4jmsolutions.com\/fr\/wp-json\/wp\/v2\/comments?post=14645"}],"version-history":[{"count":4,"href":"https:\/\/4jmsolutions.com\/fr\/wp-json\/wp\/v2\/pages\/14645\/revisions"}],"predecessor-version":[{"id":14649,"href":"https:\/\/4jmsolutions.com\/fr\/wp-json\/wp\/v2\/pages\/14645\/revisions\/14649"}],"up":[{"embeddable":true,"href":"https:\/\/4jmsolutions.com\/fr\/wp-json\/wp\/v2\/pages\/14943"}],"wp:attachment":[{"href":"https:\/\/4jmsolutions.com\/fr\/wp-json\/wp\/v2\/media?parent=14645"}],"wp:term":[{"taxonomy":"industry","embeddable":true,"href":"https:\/\/4jmsolutions.com\/fr\/wp-json\/wp\/v2\/industry?post=14645"},{"taxonomy":"maincategory","embeddable":true,"href":"https:\/\/4jmsolutions.com\/fr\/wp-json\/wp\/v2\/maincategory?post=14645"},{"taxonomy":"package","embeddable":true,"href":"https:\/\/4jmsolutions.com\/fr\/wp-json\/wp\/v2\/package?post=14645"},{"taxonomy":"process-features","embeddable":true,"href":"https:\/\/4jmsolutions.com\/fr\/wp-json\/wp\/v2\/process-features?post=14645"},{"taxonomy":"sub-category","embeddable":true,"href":"https:\/\/4jmsolutions.com\/fr\/wp-json\/wp\/v2\/sub-category?post=14645"}],"curies":[{"name":"wp","href":"https:\/\/api.w.org\/{rel}","templated":true}]}}