{"id":14913,"date":"2022-09-25T08:37:10","date_gmt":"2022-09-25T08:37:10","guid":{"rendered":"https:\/\/newsite.com\/tests-et-finitions\/testers\/"},"modified":"2024-03-21T13:44:13","modified_gmt":"2024-03-21T13:44:13","slug":"testeurs","status":"publish","type":"page","link":"https:\/\/4jmsolutions.com\/fr\/equipement\/semiconducteur-detection-composants-discrets\/tests-et-finitions\/testeurs\/","title":{"rendered":"Testeur de Circuit"},"content":{"rendered":"\t\t<div data-elementor-type=\"wp-page\" data-elementor-id=\"14913\" class=\"elementor elementor-14913\" data-elementor-post-type=\"page\">\n\t\t\t\t\t\t<section data-particle_enable=\"false\" data-particle-mobile-disabled=\"false\" class=\"elementor-section elementor-top-section elementor-element elementor-element-26d89ec4 elementor-section-stretched elementor-section-boxed elementor-section-height-default elementor-section-height-default\" data-id=\"26d89ec4\" data-element_type=\"section\" data-settings=\"{&quot;stretch_section&quot;:&quot;section-stretched&quot;,&quot;animation&quot;:&quot;none&quot;}\">\n\t\t\t\t\t\t<div class=\"elementor-container elementor-column-gap-default\">\n\t\t\t\t\t<div class=\"elementor-column elementor-col-50 elementor-top-column elementor-element elementor-element-470296f6\" data-id=\"470296f6\" data-element_type=\"column\">\n\t\t\t<div class=\"elementor-widget-wrap elementor-element-populated\">\n\t\t\t\t\t\t<div class=\"elementor-element elementor-element-2cb76734 elementor-widget elementor-widget-heading\" data-id=\"2cb76734\" data-element_type=\"widget\" data-widget_type=\"heading.default\">\n\t\t\t\t<div class=\"elementor-widget-container\">\n\t\t\t<style>\/*! elementor - v3.19.0 - 28-02-2024 *\/\n.elementor-heading-title{padding:0;margin:0;line-height:1}.elementor-widget-heading .elementor-heading-title[class*=elementor-size-]>a{color:inherit;font-size:inherit;line-height:inherit}.elementor-widget-heading .elementor-heading-title.elementor-size-small{font-size:15px}.elementor-widget-heading .elementor-heading-title.elementor-size-medium{font-size:19px}.elementor-widget-heading .elementor-heading-title.elementor-size-large{font-size:29px}.elementor-widget-heading .elementor-heading-title.elementor-size-xl{font-size:39px}.elementor-widget-heading .elementor-heading-title.elementor-size-xxl{font-size:59px}<\/style><h5 class=\"elementor-heading-title elementor-size-default\">EVA100<\/h5>\t\t<\/div>\n\t\t\t\t<\/div>\n\t\t\t\t<div class=\"elementor-element elementor-element-6ae26084 elementor-widget elementor-widget-text-editor\" data-id=\"6ae26084\" data-element_type=\"widget\" data-widget_type=\"text-editor.default\">\n\t\t\t\t<div class=\"elementor-widget-container\">\n\t\t\t<style>\/*! elementor - v3.19.0 - 28-02-2024 *\/\n.elementor-widget-text-editor.elementor-drop-cap-view-stacked .elementor-drop-cap{background-color:#69727d;color:#fff}.elementor-widget-text-editor.elementor-drop-cap-view-framed .elementor-drop-cap{color:#69727d;border:3px solid;background-color:transparent}.elementor-widget-text-editor:not(.elementor-drop-cap-view-default) .elementor-drop-cap{margin-top:8px}.elementor-widget-text-editor:not(.elementor-drop-cap-view-default) .elementor-drop-cap-letter{width:1em;height:1em}.elementor-widget-text-editor .elementor-drop-cap{float:left;text-align:center;line-height:1;font-size:50px}.elementor-widget-text-editor .elementor-drop-cap-letter{display:inline-block}<\/style>\t\t\t\t<p>Au cours des derni\u00e8res ann\u00e9es, le nombre d&rsquo;appareils intelligents que nous utilisons a consid\u00e9rablement augment\u00e9. Les circuits int\u00e9gr\u00e9s analogiques et de d\u00e9tection jouent un r\u00f4le de plus en plus important, non seulement dans la soci\u00e9t\u00e9 intelligente, mais aussi dans d&rsquo;autres domaines. Aujourd&rsquo;hui plus que jamais, ces appareils doivent \u00eatre plus performants, plus pr\u00e9cis et plus fiables. Pour r\u00e9pondre \u00e0 ces d\u00e9fis, les syst\u00e8mes de mesure doivent pr\u00e9senter de nombreuses fonctionnalit\u00e9s tout en maintenant un co\u00fbt de test tr\u00e8s bas. Les ing\u00e9nieurs charg\u00e9s de d\u00e9velopper des programmes de test doivent poss\u00e9der de tr\u00e8s bonnes comp\u00e9tences en codage ainsi qu&rsquo;une connaissance approfondie du fonctionnement du syst\u00e8me de test.<\/p><p>Ce nouveau syst\u00e8me de mesure hautement int\u00e9gr\u00e9 \u00ab\u00a0EVA100\u00a0\u00bb prend en charge les alimentations, les SMU (unit\u00e9s de mesure de signaux DC \u00e0 4 quadrants), les g\u00e9n\u00e9rateurs de motifs, les g\u00e9n\u00e9rateurs de formes d&rsquo;ondes arbitraires, les num\u00e9riseurs et les oscilloscopes n\u00e9cessaires pour les dispositifs et modules analogiques \/ \u00e0 signaux mixtes \/ de capteurs \/ num\u00e9riques IC complets, y compris l&rsquo;Unit\u00e9 de Contr\u00f4le \u00c9lectronique (ECU) pour l&rsquo;\u00e9valuation et la mesure dans le secteur automobile.<\/p><p>L&rsquo;interface graphique du logiciel EVA100 est particuli\u00e8rement intuitive, puisqu&rsquo;elle ne n\u00e9cessite qu&rsquo;une op\u00e9ration de glisser-d\u00e9poser, ce qui permet aux ing\u00e9nieurs de cr\u00e9er des configurations de mesure centr\u00e9es sur l&rsquo;appareil d&rsquo;une mani\u00e8re tr\u00e8s rapide et simple. Ses fonctions de rapport automatique permettent de gagner consid\u00e9rablement en efficacit\u00e9, en fournissant une documentation claire et des donn\u00e9es pr\u00eates \u00e0 \u00eatre publi\u00e9es dans les fiches techniques des appareils.<\/p>\t\t\t\t\t\t<\/div>\n\t\t\t\t<\/div>\n\t\t\t\t<div class=\"elementor-element elementor-element-43be9c95 elementor-align-left elementor-tablet-align-center elementor-mobile-align-center elementor-invisible elementor-widget elementor-widget-button\" data-id=\"43be9c95\" data-element_type=\"widget\" data-settings=\"{&quot;_animation&quot;:&quot;slideInUp&quot;}\" data-widget_type=\"button.default\">\n\t\t\t\t<div class=\"elementor-widget-container\">\n\t\t\t\t\t<div class=\"elementor-button-wrapper\">\n\t\t\t<a class=\"elementor-button elementor-button-link elementor-size-md\" href=\"https:\/\/4jmsolutions.com\/contact\/\" id=\"14913\">\n\t\t\t\t\t\t<span class=\"elementor-button-content-wrapper\">\n\t\t\t\t\t\t<span class=\"elementor-button-text\">Demande d'information<\/span>\n\t\t<\/span>\n\t\t\t\t\t<\/a>\n\t\t<\/div>\n\t\t\t\t<\/div>\n\t\t\t\t<\/div>\n\t\t\t\t\t<\/div>\n\t\t<\/div>\n\t\t\t\t<div class=\"elementor-column elementor-col-50 elementor-top-column elementor-element elementor-element-4b042403\" data-id=\"4b042403\" data-element_type=\"column\">\n\t\t\t<div class=\"elementor-widget-wrap elementor-element-populated\">\n\t\t\t\t\t\t<div class=\"elementor-element elementor-element-143f66c5 elementor-widget elementor-widget-image-gallery\" data-id=\"143f66c5\" data-element_type=\"widget\" data-widget_type=\"image-gallery.default\">\n\t\t\t\t<div class=\"elementor-widget-container\">\n\t\t\t<style>\/*! elementor - v3.19.0 - 28-02-2024 *\/\n.elementor-image-gallery .gallery-item{display:inline-block;text-align:center;vertical-align:top;width:100%;max-width:100%;margin:0 auto}.elementor-image-gallery .gallery-item img{margin:0 auto}.elementor-image-gallery .gallery-item .gallery-caption{margin:0}.elementor-image-gallery figure img{display:block}.elementor-image-gallery figure figcaption{width:100%}.gallery-spacing-custom .elementor-image-gallery .gallery-icon{padding:0}@media (min-width:768px){.elementor-image-gallery .gallery-columns-2 .gallery-item{max-width:50%}.elementor-image-gallery .gallery-columns-3 .gallery-item{max-width:33.33%}.elementor-image-gallery .gallery-columns-4 .gallery-item{max-width:25%}.elementor-image-gallery .gallery-columns-5 .gallery-item{max-width:20%}.elementor-image-gallery .gallery-columns-6 .gallery-item{max-width:16.666%}.elementor-image-gallery .gallery-columns-7 .gallery-item{max-width:14.28%}.elementor-image-gallery .gallery-columns-8 .gallery-item{max-width:12.5%}.elementor-image-gallery .gallery-columns-9 .gallery-item{max-width:11.11%}.elementor-image-gallery .gallery-columns-10 .gallery-item{max-width:10%}}@media (min-width:480px) and (max-width:767px){.elementor-image-gallery .gallery.gallery-columns-2 .gallery-item,.elementor-image-gallery .gallery.gallery-columns-3 .gallery-item,.elementor-image-gallery .gallery.gallery-columns-4 .gallery-item,.elementor-image-gallery .gallery.gallery-columns-5 .gallery-item,.elementor-image-gallery .gallery.gallery-columns-6 .gallery-item,.elementor-image-gallery .gallery.gallery-columns-7 .gallery-item,.elementor-image-gallery .gallery.gallery-columns-8 .gallery-item,.elementor-image-gallery .gallery.gallery-columns-9 .gallery-item,.elementor-image-gallery .gallery.gallery-columns-10 .gallery-item{max-width:50%}}@media (max-width:479px){.elementor-image-gallery .gallery.gallery-columns-2 .gallery-item,.elementor-image-gallery .gallery.gallery-columns-3 .gallery-item,.elementor-image-gallery .gallery.gallery-columns-4 .gallery-item,.elementor-image-gallery .gallery.gallery-columns-5 .gallery-item,.elementor-image-gallery .gallery.gallery-columns-6 .gallery-item,.elementor-image-gallery .gallery.gallery-columns-7 .gallery-item,.elementor-image-gallery .gallery.gallery-columns-8 .gallery-item,.elementor-image-gallery .gallery.gallery-columns-9 .gallery-item,.elementor-image-gallery .gallery.gallery-columns-10 .gallery-item{max-width:100%}}<\/style>\t\t<div class=\"elementor-image-gallery\">\n\t\t\t\n\t\t<style type=\"text\/css\">\n\t\t\t#gallery-1 {\n\t\t\t\tmargin: auto;\n\t\t\t}\n\t\t\t#gallery-1 .gallery-item {\n\t\t\t\tfloat: left;\n\t\t\t\tmargin-top: 10px;\n\t\t\t\ttext-align: center;\n\t\t\t\twidth: 100%;\n\t\t\t}\n\t\t\t#gallery-1 img {\n\t\t\t\tborder: 2px solid #cfcfcf;\n\t\t\t}\n\t\t\t#gallery-1 .gallery-caption {\n\t\t\t\tmargin-left: 0;\n\t\t\t}\n\t\t\t\/* see gallery_shortcode() in wp-includes\/media.php *\/\n\t\t<\/style>\n\t\t<div id='gallery-1' class='gallery galleryid-14913 gallery-columns-1 gallery-size-full'><dl class='gallery-item'>\n\t\t\t<dt class='gallery-icon portrait'>\n\t\t\t\t<a data-elementor-open-lightbox=\"yes\" data-elementor-lightbox-slideshow=\"143f66c5\" data-elementor-lightbox-title=\"EVA100\" data-e-action-hash=\"#elementor-action%3Aaction%3Dlightbox%26settings%3DeyJpZCI6MTI0NDksInVybCI6Imh0dHBzOlwvXC80am1zb2x1dGlvbnMuY29tXC93cC1jb250ZW50XC91cGxvYWRzXC8yMDIyXC8xMFwvZXZhMTAwLTMxOXgzOTMtMS5wbmciLCJzbGlkZXNob3ciOiIxNDNmNjZjNSJ9\" href='https:\/\/4jmsolutions.com\/wp-content\/uploads\/2022\/10\/eva100-319x393-1.png'><img fetchpriority=\"high\" decoding=\"async\" width=\"319\" height=\"393\" src=\"https:\/\/4jmsolutions.com\/wp-content\/uploads\/2022\/10\/eva100-319x393-1.png\" class=\"attachment-full size-full\" alt=\"\" srcset=\"https:\/\/4jmsolutions.com\/wp-content\/uploads\/2022\/10\/eva100-319x393-1.png 319w, https:\/\/4jmsolutions.com\/wp-content\/uploads\/2022\/10\/eva100-319x393-1-244x300.png 244w\" sizes=\"(max-width: 319px) 100vw, 319px\" \/><\/a>\n\t\t\t<\/dt><\/dl><br style=\"clear: both\" \/>\n\t\t<\/div>\n\t\t<\/div>\n\t\t\t\t<\/div>\n\t\t\t\t<\/div>\n\t\t\t\t\t<\/div>\n\t\t<\/div>\n\t\t\t\t\t<\/div>\n\t\t<\/section>\n\t\t\t\t<\/div>\n\t\t","protected":false},"excerpt":{"rendered":"<p>EVA100 Au cours des derni\u00e8res ann\u00e9es, le nombre d&rsquo;appareils intelligents que nous utilisons a consid\u00e9rablement augment\u00e9. Les circuits int\u00e9gr\u00e9s analogiques et de d\u00e9tection jouent un r\u00f4le de plus en plus important, non seulement dans la soci\u00e9t\u00e9 intelligente, mais aussi dans d&rsquo;autres domaines. Aujourd&rsquo;hui plus que jamais, ces appareils doivent \u00eatre plus performants, plus pr\u00e9cis et [&hellip;]<\/p>\n","protected":false},"author":1,"featured_media":13591,"parent":14860,"menu_order":165,"comment_status":"closed","ping_status":"closed","template":"","meta":{"footnotes":""},"industry":[],"maincategory":[],"package":[],"process-features":[],"sub-category":[],"acf":[],"yoast_head":"<!-- This site is optimized with the Yoast SEO Premium plugin v20.5 (Yoast SEO v22.1) - https:\/\/yoast.com\/wordpress\/plugins\/seo\/ -->\n<title>In circuit Testers - 4JMSolutions<\/title>\n<meta name=\"description\" content=\"It is a perfect tester to analyse your defected products. Easy visual programming surface and dock able needle bed provide flexibility.\" \/>\n<meta name=\"robots\" content=\"index, follow, max-snippet:-1, max-image-preview:large, max-video-preview:-1\" \/>\n<link rel=\"canonical\" href=\"https:\/\/4jmsolutions.com\/fr\/equipement\/semiconducteur-detection-composants-discrets\/tests-et-finitions\/testeurs\/\" \/>\n<meta property=\"og:locale\" content=\"fr_FR\" \/>\n<meta property=\"og:type\" content=\"article\" \/>\n<meta property=\"og:title\" content=\"Testeur de Circuit\" \/>\n<meta property=\"og:description\" content=\"It is a perfect tester to analyse your defected products. Easy visual programming surface and dock able needle bed provide flexibility.\" \/>\n<meta property=\"og:url\" content=\"https:\/\/4jmsolutions.com\/fr\/equipement\/semiconducteur-detection-composants-discrets\/tests-et-finitions\/testeurs\/\" \/>\n<meta property=\"og:site_name\" content=\"4JMSolutions\" \/>\n<meta property=\"article:modified_time\" content=\"2024-03-21T13:44:13+00:00\" \/>\n<meta property=\"og:image\" content=\"https:\/\/4jmsolutions.com\/wp-content\/uploads\/2022\/11\/testers-thumbnail.png\" \/>\n\t<meta property=\"og:image:width\" content=\"635\" \/>\n\t<meta property=\"og:image:height\" content=\"463\" \/>\n\t<meta property=\"og:image:type\" content=\"image\/png\" \/>\n<meta name=\"twitter:card\" content=\"summary_large_image\" \/>\n<meta name=\"twitter:label1\" content=\"Dur\u00e9e de lecture estim\u00e9e\" \/>\n\t<meta name=\"twitter:data1\" content=\"2 minutes\" \/>\n<script type=\"application\/ld+json\" class=\"yoast-schema-graph\">{\"@context\":\"https:\/\/schema.org\",\"@graph\":[{\"@type\":\"WebPage\",\"@id\":\"https:\/\/4jmsolutions.com\/fr\/equipement\/semiconducteur-detection-composants-discrets\/tests-et-finitions\/testeurs\/\",\"url\":\"https:\/\/4jmsolutions.com\/fr\/equipement\/semiconducteur-detection-composants-discrets\/tests-et-finitions\/testeurs\/\",\"name\":\"In circuit Testers - 4JMSolutions\",\"isPartOf\":{\"@id\":\"https:\/\/4jmsolutions.com\/#website\"},\"datePublished\":\"2022-09-25T08:37:10+00:00\",\"dateModified\":\"2024-03-21T13:44:13+00:00\",\"description\":\"It is a perfect tester to analyse your defected products. Easy visual programming surface and dock able needle bed provide flexibility.\",\"breadcrumb\":{\"@id\":\"https:\/\/4jmsolutions.com\/fr\/equipement\/semiconducteur-detection-composants-discrets\/tests-et-finitions\/testeurs\/#breadcrumb\"},\"inLanguage\":\"fr-FR\",\"potentialAction\":[{\"@type\":\"ReadAction\",\"target\":[\"https:\/\/4jmsolutions.com\/fr\/equipement\/semiconducteur-detection-composants-discrets\/tests-et-finitions\/testeurs\/\"]}]},{\"@type\":\"BreadcrumbList\",\"@id\":\"https:\/\/4jmsolutions.com\/fr\/equipement\/semiconducteur-detection-composants-discrets\/tests-et-finitions\/testeurs\/#breadcrumb\",\"itemListElement\":[{\"@type\":\"ListItem\",\"position\":1,\"name\":\"Home\",\"item\":\"https:\/\/4jmsolutions.com\/\"},{\"@type\":\"ListItem\",\"position\":2,\"name\":\"Equipement\",\"item\":\"https:\/\/4jmsolutions.com\/fr\/equipement\/\"},{\"@type\":\"ListItem\",\"position\":3,\"name\":\"Semiconducteur Detection Composants Discrets\",\"item\":\"https:\/\/4jmsolutions.com\/fr\/equipement\/semiconducteur-detection-composants-discrets\/\"},{\"@type\":\"ListItem\",\"position\":4,\"name\":\"Tests et Finitions\",\"item\":\"https:\/\/4jmsolutions.com\/fr\/tests-et-finitions\/\"},{\"@type\":\"ListItem\",\"position\":5,\"name\":\"Testeur de Circuit\"}]},{\"@type\":\"WebSite\",\"@id\":\"https:\/\/4jmsolutions.com\/#website\",\"url\":\"https:\/\/4jmsolutions.com\/\",\"name\":\"4JMSolutions\",\"description\":\"\",\"potentialAction\":[{\"@type\":\"SearchAction\",\"target\":{\"@type\":\"EntryPoint\",\"urlTemplate\":\"https:\/\/4jmsolutions.com\/?s={search_term_string}\"},\"query-input\":\"required name=search_term_string\"}],\"inLanguage\":\"fr-FR\"}]}<\/script>\n<!-- \/ Yoast SEO Premium plugin. -->","yoast_head_json":{"title":"In circuit Testers - 4JMSolutions","description":"It is a perfect tester to analyse your defected products. Easy visual programming surface and dock able needle bed provide flexibility.","robots":{"index":"index","follow":"follow","max-snippet":"max-snippet:-1","max-image-preview":"max-image-preview:large","max-video-preview":"max-video-preview:-1"},"canonical":"https:\/\/4jmsolutions.com\/fr\/equipement\/semiconducteur-detection-composants-discrets\/tests-et-finitions\/testeurs\/","og_locale":"fr_FR","og_type":"article","og_title":"Testeur de Circuit","og_description":"It is a perfect tester to analyse your defected products. Easy visual programming surface and dock able needle bed provide flexibility.","og_url":"https:\/\/4jmsolutions.com\/fr\/equipement\/semiconducteur-detection-composants-discrets\/tests-et-finitions\/testeurs\/","og_site_name":"4JMSolutions","article_modified_time":"2024-03-21T13:44:13+00:00","og_image":[{"width":635,"height":463,"url":"https:\/\/4jmsolutions.com\/wp-content\/uploads\/2022\/11\/testers-thumbnail.png","type":"image\/png"}],"twitter_card":"summary_large_image","twitter_misc":{"Dur\u00e9e de lecture estim\u00e9e":"2 minutes"},"schema":{"@context":"https:\/\/schema.org","@graph":[{"@type":"WebPage","@id":"https:\/\/4jmsolutions.com\/fr\/equipement\/semiconducteur-detection-composants-discrets\/tests-et-finitions\/testeurs\/","url":"https:\/\/4jmsolutions.com\/fr\/equipement\/semiconducteur-detection-composants-discrets\/tests-et-finitions\/testeurs\/","name":"In circuit Testers - 4JMSolutions","isPartOf":{"@id":"https:\/\/4jmsolutions.com\/#website"},"datePublished":"2022-09-25T08:37:10+00:00","dateModified":"2024-03-21T13:44:13+00:00","description":"It is a perfect tester to analyse your defected products. Easy visual programming surface and dock able needle bed provide flexibility.","breadcrumb":{"@id":"https:\/\/4jmsolutions.com\/fr\/equipement\/semiconducteur-detection-composants-discrets\/tests-et-finitions\/testeurs\/#breadcrumb"},"inLanguage":"fr-FR","potentialAction":[{"@type":"ReadAction","target":["https:\/\/4jmsolutions.com\/fr\/equipement\/semiconducteur-detection-composants-discrets\/tests-et-finitions\/testeurs\/"]}]},{"@type":"BreadcrumbList","@id":"https:\/\/4jmsolutions.com\/fr\/equipement\/semiconducteur-detection-composants-discrets\/tests-et-finitions\/testeurs\/#breadcrumb","itemListElement":[{"@type":"ListItem","position":1,"name":"Home","item":"https:\/\/4jmsolutions.com\/"},{"@type":"ListItem","position":2,"name":"Equipement","item":"https:\/\/4jmsolutions.com\/fr\/equipement\/"},{"@type":"ListItem","position":3,"name":"Semiconducteur Detection Composants Discrets","item":"https:\/\/4jmsolutions.com\/fr\/equipement\/semiconducteur-detection-composants-discrets\/"},{"@type":"ListItem","position":4,"name":"Tests et Finitions","item":"https:\/\/4jmsolutions.com\/fr\/tests-et-finitions\/"},{"@type":"ListItem","position":5,"name":"Testeur de Circuit"}]},{"@type":"WebSite","@id":"https:\/\/4jmsolutions.com\/#website","url":"https:\/\/4jmsolutions.com\/","name":"4JMSolutions","description":"","potentialAction":[{"@type":"SearchAction","target":{"@type":"EntryPoint","urlTemplate":"https:\/\/4jmsolutions.com\/?s={search_term_string}"},"query-input":"required name=search_term_string"}],"inLanguage":"fr-FR"}]}},"_links":{"self":[{"href":"https:\/\/4jmsolutions.com\/fr\/wp-json\/wp\/v2\/pages\/14913"}],"collection":[{"href":"https:\/\/4jmsolutions.com\/fr\/wp-json\/wp\/v2\/pages"}],"about":[{"href":"https:\/\/4jmsolutions.com\/fr\/wp-json\/wp\/v2\/types\/page"}],"author":[{"embeddable":true,"href":"https:\/\/4jmsolutions.com\/fr\/wp-json\/wp\/v2\/users\/1"}],"replies":[{"embeddable":true,"href":"https:\/\/4jmsolutions.com\/fr\/wp-json\/wp\/v2\/comments?post=14913"}],"version-history":[{"count":7,"href":"https:\/\/4jmsolutions.com\/fr\/wp-json\/wp\/v2\/pages\/14913\/revisions"}],"predecessor-version":[{"id":16400,"href":"https:\/\/4jmsolutions.com\/fr\/wp-json\/wp\/v2\/pages\/14913\/revisions\/16400"}],"up":[{"embeddable":true,"href":"https:\/\/4jmsolutions.com\/fr\/wp-json\/wp\/v2\/pages\/14860"}],"wp:featuredmedia":[{"embeddable":true,"href":"https:\/\/4jmsolutions.com\/fr\/wp-json\/wp\/v2\/media\/13591"}],"wp:attachment":[{"href":"https:\/\/4jmsolutions.com\/fr\/wp-json\/wp\/v2\/media?parent=14913"}],"wp:term":[{"taxonomy":"industry","embeddable":true,"href":"https:\/\/4jmsolutions.com\/fr\/wp-json\/wp\/v2\/industry?post=14913"},{"taxonomy":"maincategory","embeddable":true,"href":"https:\/\/4jmsolutions.com\/fr\/wp-json\/wp\/v2\/maincategory?post=14913"},{"taxonomy":"package","embeddable":true,"href":"https:\/\/4jmsolutions.com\/fr\/wp-json\/wp\/v2\/package?post=14913"},{"taxonomy":"process-features","embeddable":true,"href":"https:\/\/4jmsolutions.com\/fr\/wp-json\/wp\/v2\/process-features?post=14913"},{"taxonomy":"sub-category","embeddable":true,"href":"https:\/\/4jmsolutions.com\/fr\/wp-json\/wp\/v2\/sub-category?post=14913"}],"curies":[{"name":"wp","href":"https:\/\/api.w.org\/{rel}","templated":true}]}}