{"id":14922,"date":"2023-01-04T12:52:04","date_gmt":"2023-01-04T12:52:04","guid":{"rendered":"https:\/\/newsite.com\/i4-0\/"},"modified":"2024-01-25T14:54:25","modified_gmt":"2024-01-25T14:54:25","slug":"i4-0-fr","status":"publish","type":"page","link":"https:\/\/4jmsolutions.com\/fr\/equipement\/semiconducteur-detection-composants-discrets\/i4-0-fr\/","title":{"rendered":"i4.0 &#8211; L&rsquo;industrie 4.0"},"content":{"rendered":"\t\t<div data-elementor-type=\"wp-page\" data-elementor-id=\"14922\" class=\"elementor elementor-14922\" data-elementor-post-type=\"page\">\n\t\t\t\t\t\t<section data-particle_enable=\"false\" data-particle-mobile-disabled=\"false\" class=\"elementor-section elementor-top-section elementor-element elementor-element-1f615446 elementor-section-boxed elementor-section-height-default elementor-section-height-default\" data-id=\"1f615446\" data-element_type=\"section\">\n\t\t\t\t\t\t<div class=\"elementor-container elementor-column-gap-default\">\n\t\t\t\t\t<div class=\"elementor-column elementor-col-100 elementor-top-column elementor-element elementor-element-38da68cb\" data-id=\"38da68cb\" data-element_type=\"column\">\n\t\t\t<div class=\"elementor-widget-wrap elementor-element-populated\">\n\t\t\t\t\t\t<div class=\"elementor-element elementor-element-dcccffe elementor-widget elementor-widget-heading\" data-id=\"dcccffe\" data-element_type=\"widget\" data-widget_type=\"heading.default\">\n\t\t\t\t<div class=\"elementor-widget-container\">\n\t\t\t<style>\/*! elementor - v3.19.0 - 28-02-2024 *\/\n.elementor-heading-title{padding:0;margin:0;line-height:1}.elementor-widget-heading .elementor-heading-title[class*=elementor-size-]>a{color:inherit;font-size:inherit;line-height:inherit}.elementor-widget-heading .elementor-heading-title.elementor-size-small{font-size:15px}.elementor-widget-heading .elementor-heading-title.elementor-size-medium{font-size:19px}.elementor-widget-heading .elementor-heading-title.elementor-size-large{font-size:29px}.elementor-widget-heading .elementor-heading-title.elementor-size-xl{font-size:39px}.elementor-widget-heading .elementor-heading-title.elementor-size-xxl{font-size:59px}<\/style><h3 class=\"elementor-heading-title elementor-size-default\">Qu\u2019est-ce que l\u2019industrie 4.0?<\/h3>\t\t<\/div>\n\t\t\t\t<\/div>\n\t\t\t\t<div class=\"elementor-element elementor-element-a8d6c94 elementor-widget elementor-widget-text-editor\" data-id=\"a8d6c94\" data-element_type=\"widget\" data-widget_type=\"text-editor.default\">\n\t\t\t\t<div class=\"elementor-widget-container\">\n\t\t\t<style>\/*! elementor - v3.19.0 - 28-02-2024 *\/\n.elementor-widget-text-editor.elementor-drop-cap-view-stacked .elementor-drop-cap{background-color:#69727d;color:#fff}.elementor-widget-text-editor.elementor-drop-cap-view-framed .elementor-drop-cap{color:#69727d;border:3px solid;background-color:transparent}.elementor-widget-text-editor:not(.elementor-drop-cap-view-default) .elementor-drop-cap{margin-top:8px}.elementor-widget-text-editor:not(.elementor-drop-cap-view-default) .elementor-drop-cap-letter{width:1em;height:1em}.elementor-widget-text-editor .elementor-drop-cap{float:left;text-align:center;line-height:1;font-size:50px}.elementor-widget-text-editor .elementor-drop-cap-letter{display:inline-block}<\/style>\t\t\t\t<p>L&rsquo;industrie 4.0 <strong>bouleverse la fa\u00e7on dont les soci\u00e9t\u00e9s fabriquent, perfectionnent et distribuent leurs produits<\/strong>. Les industriels sont en train d&rsquo;int\u00e9grer de nouvelles technologies, notamment l&rsquo;Internet des objets (IoT), le Cloud-computing et l&rsquo;analytique, ainsi que l&rsquo;IA et l&rsquo;apprentissage automatique, dans leurs installations de production et dans l&rsquo;ensemble de leurs op\u00e9rations.<\/p><div>L&rsquo;industrie 4.0 rassemble les diff\u00e9rents domaines d&rsquo;expertise de <img decoding=\"async\" class=\"alignnone wp-image-12859\" src=\"https:\/\/4jmsolutions.com\/wp-content\/uploads\/2022\/10\/logo-carets-300x158.png\" alt=\"\" width=\"22\" height=\"12\" srcset=\"https:\/\/4jmsolutions.com\/wp-content\/uploads\/2022\/10\/logo-carets-300x158.png 300w, https:\/\/4jmsolutions.com\/wp-content\/uploads\/2022\/10\/logo-carets.png 512w\" sizes=\"(max-width: 22px) 100vw, 22px\" \/>4JMSolutions pour offrir une grande vari\u00e9t\u00e9 d&rsquo;avantages \u00e0 votre production.<\/div>\t\t\t\t\t\t<\/div>\n\t\t\t\t<\/div>\n\t\t\t\t<div class=\"elementor-element elementor-element-d8cae00 elementor-widget elementor-widget-spacer\" data-id=\"d8cae00\" data-element_type=\"widget\" data-widget_type=\"spacer.default\">\n\t\t\t\t<div class=\"elementor-widget-container\">\n\t\t\t<style>\/*! elementor - v3.19.0 - 28-02-2024 *\/\n.elementor-column .elementor-spacer-inner{height:var(--spacer-size)}.e-con{--container-widget-width:100%}.e-con-inner>.elementor-widget-spacer,.e-con>.elementor-widget-spacer{width:var(--container-widget-width,var(--spacer-size));--align-self:var(--container-widget-align-self,initial);--flex-shrink:0}.e-con-inner>.elementor-widget-spacer>.elementor-widget-container,.e-con>.elementor-widget-spacer>.elementor-widget-container{height:100%;width:100%}.e-con-inner>.elementor-widget-spacer>.elementor-widget-container>.elementor-spacer,.e-con>.elementor-widget-spacer>.elementor-widget-container>.elementor-spacer{height:100%}.e-con-inner>.elementor-widget-spacer>.elementor-widget-container>.elementor-spacer>.elementor-spacer-inner,.e-con>.elementor-widget-spacer>.elementor-widget-container>.elementor-spacer>.elementor-spacer-inner{height:var(--container-widget-height,var(--spacer-size))}.e-con-inner>.elementor-widget-spacer.elementor-widget-empty,.e-con>.elementor-widget-spacer.elementor-widget-empty{position:relative;min-height:22px;min-width:22px}.e-con-inner>.elementor-widget-spacer.elementor-widget-empty .elementor-widget-empty-icon,.e-con>.elementor-widget-spacer.elementor-widget-empty .elementor-widget-empty-icon{position:absolute;top:0;bottom:0;left:0;right:0;margin:auto;padding:0;width:22px;height:22px}<\/style>\t\t<div class=\"elementor-spacer\">\n\t\t\t<div class=\"elementor-spacer-inner\"><\/div>\n\t\t<\/div>\n\t\t\t\t<\/div>\n\t\t\t\t<\/div>\n\t\t\t\t<div class=\"elementor-element elementor-element-2f813da elementor-widget elementor-widget-heading\" data-id=\"2f813da\" data-element_type=\"widget\" data-widget_type=\"heading.default\">\n\t\t\t\t<div class=\"elementor-widget-container\">\n\t\t\t<h3 class=\"elementor-heading-title elementor-size-default\">Produits i4.0<\/h3>\t\t<\/div>\n\t\t\t\t<\/div>\n\t\t\t\t<div class=\"elementor-element elementor-element-65a600bd elementor-grid-2 elementor-posts--align-center elementor-grid-tablet-2 elementor-grid-mobile-1 elementor-posts--thumbnail-top elementor-card-shadow-yes elementor-posts__hover-gradient elementor-widget elementor-widget-posts\" data-id=\"65a600bd\" data-element_type=\"widget\" data-settings=\"{&quot;cards_columns&quot;:&quot;2&quot;,&quot;cards_columns_tablet&quot;:&quot;2&quot;,&quot;cards_columns_mobile&quot;:&quot;1&quot;,&quot;cards_row_gap&quot;:{&quot;unit&quot;:&quot;px&quot;,&quot;size&quot;:35,&quot;sizes&quot;:[]},&quot;cards_row_gap_tablet&quot;:{&quot;unit&quot;:&quot;px&quot;,&quot;size&quot;:&quot;&quot;,&quot;sizes&quot;:[]},&quot;cards_row_gap_mobile&quot;:{&quot;unit&quot;:&quot;px&quot;,&quot;size&quot;:&quot;&quot;,&quot;sizes&quot;:[]}}\" data-widget_type=\"posts.cards\">\n\t\t\t\t<div class=\"elementor-widget-container\">\n\t\t\t<link rel=\"stylesheet\" href=\"http:\/\/4jmsolutions.com\/wp-content\/plugins\/elementor-pro\/assets\/css\/widget-posts.min.css\">\t\t<div class=\"elementor-posts-container elementor-posts elementor-posts--skin-cards elementor-grid\">\n\t\t\t\t<article class=\"elementor-post elementor-grid-item post-15134 page type-page status-publish has-post-thumbnail hentry\">\n\t\t\t<div class=\"elementor-post__card\">\n\t\t\t\t<a class=\"elementor-post__thumbnail__link\" href=\"https:\/\/4jmsolutions.com\/fr\/equipement\/semiconducteur-detection-composants-discrets\/i4-0-fr\/flexytest\/\" tabindex=\"-1\" ><div class=\"elementor-post__thumbnail\"><img fetchpriority=\"high\" decoding=\"async\" width=\"635\" height=\"463\" src=\"https:\/\/4jmsolutions.com\/wp-content\/uploads\/2023\/03\/flexytest-thumbnail-2.png\" class=\"attachment-full size-full wp-image-14029\" alt=\"\" srcset=\"https:\/\/4jmsolutions.com\/wp-content\/uploads\/2023\/03\/flexytest-thumbnail-2.png 635w, https:\/\/4jmsolutions.com\/wp-content\/uploads\/2023\/03\/flexytest-thumbnail-2-300x219.png 300w\" sizes=\"(max-width: 635px) 100vw, 635px\" \/><\/div><\/a>\n\t\t\t\t<div class=\"elementor-post__text\">\n\t\t\t\t<h3 class=\"elementor-post__title\">\n\t\t\t<a href=\"https:\/\/4jmsolutions.com\/fr\/equipement\/semiconducteur-detection-composants-discrets\/i4-0-fr\/flexytest\/\" >\n\t\t\t\tFlexyTEST\t\t\t<\/a>\n\t\t<\/h3>\n\t\t\n\t\t<a class=\"elementor-post__read-more\" href=\"https:\/\/4jmsolutions.com\/fr\/equipement\/semiconducteur-detection-composants-discrets\/i4-0-fr\/flexytest\/\" aria-label=\"Read more about FlexyTEST\" tabindex=\"-1\" >\n\t\t\tRead More \u00bb\t\t<\/a>\n\n\t\t\t\t<\/div>\n\t\t\t\t\t<\/div>\n\t\t<\/article>\n\t\t\t\t<article class=\"elementor-post elementor-grid-item post-14983 page type-page status-publish has-post-thumbnail hentry\">\n\t\t\t<div class=\"elementor-post__card\">\n\t\t\t\t<a class=\"elementor-post__thumbnail__link\" href=\"https:\/\/4jmsolutions.com\/fr\/equipement\/semiconducteur-detection-composants-discrets\/i4-0-fr\/testeurs\/\" tabindex=\"-1\" ><div class=\"elementor-post__thumbnail\"><img decoding=\"async\" width=\"635\" height=\"463\" src=\"https:\/\/4jmsolutions.com\/wp-content\/uploads\/2023\/03\/modus-test-mtc-mpt-thumbnail.png\" class=\"attachment-full size-full wp-image-14031\" alt=\"\" srcset=\"https:\/\/4jmsolutions.com\/wp-content\/uploads\/2023\/03\/modus-test-mtc-mpt-thumbnail.png 635w, https:\/\/4jmsolutions.com\/wp-content\/uploads\/2023\/03\/modus-test-mtc-mpt-thumbnail-300x219.png 300w\" sizes=\"(max-width: 635px) 100vw, 635px\" \/><\/div><\/a>\n\t\t\t\t<div class=\"elementor-post__text\">\n\t\t\t\t<h3 class=\"elementor-post__title\">\n\t\t\t<a href=\"https:\/\/4jmsolutions.com\/fr\/equipement\/semiconducteur-detection-composants-discrets\/i4-0-fr\/testeurs\/\" >\n\t\t\t\tTest Modus\t\t\t<\/a>\n\t\t<\/h3>\n\t\t\n\t\t<a class=\"elementor-post__read-more\" href=\"https:\/\/4jmsolutions.com\/fr\/equipement\/semiconducteur-detection-composants-discrets\/i4-0-fr\/testeurs\/\" aria-label=\"Read more about Test Modus\" tabindex=\"-1\" >\n\t\t\tRead More \u00bb\t\t<\/a>\n\n\t\t\t\t<\/div>\n\t\t\t\t\t<\/div>\n\t\t<\/article>\n\t\t\t\t<\/div>\n\t\t\n\t\t\t\t<\/div>\n\t\t\t\t<\/div>\n\t\t\t\t\t<\/div>\n\t\t<\/div>\n\t\t\t\t\t<\/div>\n\t\t<\/section>\n\t\t\t\t<section data-particle_enable=\"false\" data-particle-mobile-disabled=\"false\" class=\"elementor-section elementor-top-section elementor-element elementor-element-1fb3cb7 elementor-section-boxed elementor-section-height-default elementor-section-height-default\" data-id=\"1fb3cb7\" data-element_type=\"section\">\n\t\t\t\t\t\t<div class=\"elementor-container elementor-column-gap-default\">\n\t\t\t\t\t<div class=\"elementor-column elementor-col-100 elementor-top-column elementor-element elementor-element-6d906d7\" data-id=\"6d906d7\" data-element_type=\"column\">\n\t\t\t<div class=\"elementor-widget-wrap elementor-element-populated\">\n\t\t\t\t\t\t<div class=\"elementor-element elementor-element-5a4c7a5 elementor-align-center elementor-tablet-align-center elementor-mobile-align-center elementor-invisible elementor-widget elementor-widget-button\" data-id=\"5a4c7a5\" data-element_type=\"widget\" data-settings=\"{&quot;_animation&quot;:&quot;slideInUp&quot;}\" data-widget_type=\"button.default\">\n\t\t\t\t<div class=\"elementor-widget-container\">\n\t\t\t\t\t<div class=\"elementor-button-wrapper\">\n\t\t\t<a class=\"elementor-button elementor-button-link elementor-size-md\" href=\"https:\/\/4jmsolutions.com\/contact\/\" id=\"14983\">\n\t\t\t\t\t\t<span class=\"elementor-button-content-wrapper\">\n\t\t\t\t\t\t<span class=\"elementor-button-text\">Demande d'information<\/span>\n\t\t<\/span>\n\t\t\t\t\t<\/a>\n\t\t<\/div>\n\t\t\t\t<\/div>\n\t\t\t\t<\/div>\n\t\t\t\t\t<\/div>\n\t\t<\/div>\n\t\t\t\t\t<\/div>\n\t\t<\/section>\n\t\t\t\t<\/div>\n\t\t","protected":false},"excerpt":{"rendered":"<p>Qu\u2019est-ce que l\u2019industrie 4.0? L&rsquo;industrie 4.0 bouleverse la fa\u00e7on dont les soci\u00e9t\u00e9s fabriquent, perfectionnent et distribuent leurs produits. Les industriels sont en train d&rsquo;int\u00e9grer de<\/p>\n","protected":false},"author":3,"featured_media":13961,"parent":14943,"menu_order":340,"comment_status":"closed","ping_status":"closed","template":"","meta":{"footnotes":""},"industry":[],"maincategory":[],"package":[],"process-features":[],"sub-category":[],"acf":[],"yoast_head":"<!-- This site is optimized with the Yoast SEO Premium plugin v20.5 (Yoast SEO v22.1) - https:\/\/yoast.com\/wordpress\/plugins\/seo\/ -->\n<title>i4.0 - L&#039;industrie 4.0 &#8211; 4JMSolutions<\/title>\n<meta name=\"robots\" content=\"index, follow, max-snippet:-1, max-image-preview:large, max-video-preview:-1\" \/>\n<link rel=\"canonical\" href=\"https:\/\/4jmsolutions.com\/fr\/equipement\/semiconducteur-detection-composants-discrets\/i4-0-fr\/\" \/>\n<meta property=\"og:locale\" content=\"fr_FR\" \/>\n<meta property=\"og:type\" content=\"article\" \/>\n<meta property=\"og:title\" content=\"i4.0 - L&#039;industrie 4.0\" \/>\n<meta property=\"og:description\" content=\"Qu\u2019est-ce que l\u2019industrie 4.0? L&rsquo;industrie 4.0 bouleverse la fa\u00e7on dont les soci\u00e9t\u00e9s fabriquent, perfectionnent et distribuent leurs produits. Les industriels sont en train d&rsquo;int\u00e9grer de\" \/>\n<meta property=\"og:url\" content=\"https:\/\/4jmsolutions.com\/fr\/equipement\/semiconducteur-detection-composants-discrets\/i4-0-fr\/\" \/>\n<meta property=\"og:site_name\" content=\"4JMSolutions\" \/>\n<meta property=\"article:modified_time\" content=\"2024-01-25T14:54:25+00:00\" \/>\n<meta property=\"og:image\" content=\"https:\/\/4jmsolutions.com\/wp-content\/uploads\/2023\/01\/i4.0-thumbnail.png\" \/>\n\t<meta property=\"og:image:width\" content=\"635\" \/>\n\t<meta property=\"og:image:height\" content=\"463\" \/>\n\t<meta property=\"og:image:type\" content=\"image\/png\" \/>\n<meta name=\"twitter:card\" content=\"summary_large_image\" \/>\n<meta name=\"twitter:label1\" content=\"Dur\u00e9e de lecture estim\u00e9e\" \/>\n\t<meta name=\"twitter:data1\" content=\"1 minute\" \/>\n<script type=\"application\/ld+json\" class=\"yoast-schema-graph\">{\"@context\":\"https:\/\/schema.org\",\"@graph\":[{\"@type\":\"WebPage\",\"@id\":\"https:\/\/4jmsolutions.com\/fr\/equipement\/semiconducteur-detection-composants-discrets\/i4-0-fr\/\",\"url\":\"https:\/\/4jmsolutions.com\/fr\/equipement\/semiconducteur-detection-composants-discrets\/i4-0-fr\/\",\"name\":\"i4.0 - L'industrie 4.0 &#8211; 4JMSolutions\",\"isPartOf\":{\"@id\":\"https:\/\/4jmsolutions.com\/#website\"},\"datePublished\":\"2023-01-04T12:52:04+00:00\",\"dateModified\":\"2024-01-25T14:54:25+00:00\",\"breadcrumb\":{\"@id\":\"https:\/\/4jmsolutions.com\/fr\/equipement\/semiconducteur-detection-composants-discrets\/i4-0-fr\/#breadcrumb\"},\"inLanguage\":\"fr-FR\",\"potentialAction\":[{\"@type\":\"ReadAction\",\"target\":[\"https:\/\/4jmsolutions.com\/fr\/equipement\/semiconducteur-detection-composants-discrets\/i4-0-fr\/\"]}]},{\"@type\":\"BreadcrumbList\",\"@id\":\"https:\/\/4jmsolutions.com\/fr\/equipement\/semiconducteur-detection-composants-discrets\/i4-0-fr\/#breadcrumb\",\"itemListElement\":[{\"@type\":\"ListItem\",\"position\":1,\"name\":\"Home\",\"item\":\"https:\/\/4jmsolutions.com\/\"},{\"@type\":\"ListItem\",\"position\":2,\"name\":\"Equipement\",\"item\":\"https:\/\/4jmsolutions.com\/fr\/equipement\/\"},{\"@type\":\"ListItem\",\"position\":3,\"name\":\"Semiconducteur Detection Composants Discrets\",\"item\":\"https:\/\/4jmsolutions.com\/fr\/equipement\/semiconducteur-detection-composants-discrets\/\"},{\"@type\":\"ListItem\",\"position\":4,\"name\":\"i4.0 &#8211; L&#8217;industrie 4.0\"}]},{\"@type\":\"WebSite\",\"@id\":\"https:\/\/4jmsolutions.com\/#website\",\"url\":\"https:\/\/4jmsolutions.com\/\",\"name\":\"4JMSolutions\",\"description\":\"\",\"potentialAction\":[{\"@type\":\"SearchAction\",\"target\":{\"@type\":\"EntryPoint\",\"urlTemplate\":\"https:\/\/4jmsolutions.com\/?s={search_term_string}\"},\"query-input\":\"required name=search_term_string\"}],\"inLanguage\":\"fr-FR\"}]}<\/script>\n<!-- \/ Yoast SEO Premium plugin. -->","yoast_head_json":{"title":"i4.0 - L'industrie 4.0 &#8211; 4JMSolutions","robots":{"index":"index","follow":"follow","max-snippet":"max-snippet:-1","max-image-preview":"max-image-preview:large","max-video-preview":"max-video-preview:-1"},"canonical":"https:\/\/4jmsolutions.com\/fr\/equipement\/semiconducteur-detection-composants-discrets\/i4-0-fr\/","og_locale":"fr_FR","og_type":"article","og_title":"i4.0 - L'industrie 4.0","og_description":"Qu\u2019est-ce que l\u2019industrie 4.0? L&rsquo;industrie 4.0 bouleverse la fa\u00e7on dont les soci\u00e9t\u00e9s fabriquent, perfectionnent et distribuent leurs produits. Les industriels sont en train d&rsquo;int\u00e9grer de","og_url":"https:\/\/4jmsolutions.com\/fr\/equipement\/semiconducteur-detection-composants-discrets\/i4-0-fr\/","og_site_name":"4JMSolutions","article_modified_time":"2024-01-25T14:54:25+00:00","og_image":[{"width":635,"height":463,"url":"https:\/\/4jmsolutions.com\/wp-content\/uploads\/2023\/01\/i4.0-thumbnail.png","type":"image\/png"}],"twitter_card":"summary_large_image","twitter_misc":{"Dur\u00e9e de lecture estim\u00e9e":"1 minute"},"schema":{"@context":"https:\/\/schema.org","@graph":[{"@type":"WebPage","@id":"https:\/\/4jmsolutions.com\/fr\/equipement\/semiconducteur-detection-composants-discrets\/i4-0-fr\/","url":"https:\/\/4jmsolutions.com\/fr\/equipement\/semiconducteur-detection-composants-discrets\/i4-0-fr\/","name":"i4.0 - L'industrie 4.0 &#8211; 4JMSolutions","isPartOf":{"@id":"https:\/\/4jmsolutions.com\/#website"},"datePublished":"2023-01-04T12:52:04+00:00","dateModified":"2024-01-25T14:54:25+00:00","breadcrumb":{"@id":"https:\/\/4jmsolutions.com\/fr\/equipement\/semiconducteur-detection-composants-discrets\/i4-0-fr\/#breadcrumb"},"inLanguage":"fr-FR","potentialAction":[{"@type":"ReadAction","target":["https:\/\/4jmsolutions.com\/fr\/equipement\/semiconducteur-detection-composants-discrets\/i4-0-fr\/"]}]},{"@type":"BreadcrumbList","@id":"https:\/\/4jmsolutions.com\/fr\/equipement\/semiconducteur-detection-composants-discrets\/i4-0-fr\/#breadcrumb","itemListElement":[{"@type":"ListItem","position":1,"name":"Home","item":"https:\/\/4jmsolutions.com\/"},{"@type":"ListItem","position":2,"name":"Equipement","item":"https:\/\/4jmsolutions.com\/fr\/equipement\/"},{"@type":"ListItem","position":3,"name":"Semiconducteur Detection Composants Discrets","item":"https:\/\/4jmsolutions.com\/fr\/equipement\/semiconducteur-detection-composants-discrets\/"},{"@type":"ListItem","position":4,"name":"i4.0 &#8211; L&#8217;industrie 4.0"}]},{"@type":"WebSite","@id":"https:\/\/4jmsolutions.com\/#website","url":"https:\/\/4jmsolutions.com\/","name":"4JMSolutions","description":"","potentialAction":[{"@type":"SearchAction","target":{"@type":"EntryPoint","urlTemplate":"https:\/\/4jmsolutions.com\/?s={search_term_string}"},"query-input":"required name=search_term_string"}],"inLanguage":"fr-FR"}]}},"_links":{"self":[{"href":"https:\/\/4jmsolutions.com\/fr\/wp-json\/wp\/v2\/pages\/14922"}],"collection":[{"href":"https:\/\/4jmsolutions.com\/fr\/wp-json\/wp\/v2\/pages"}],"about":[{"href":"https:\/\/4jmsolutions.com\/fr\/wp-json\/wp\/v2\/types\/page"}],"author":[{"embeddable":true,"href":"https:\/\/4jmsolutions.com\/fr\/wp-json\/wp\/v2\/users\/3"}],"replies":[{"embeddable":true,"href":"https:\/\/4jmsolutions.com\/fr\/wp-json\/wp\/v2\/comments?post=14922"}],"version-history":[{"count":5,"href":"https:\/\/4jmsolutions.com\/fr\/wp-json\/wp\/v2\/pages\/14922\/revisions"}],"predecessor-version":[{"id":14929,"href":"https:\/\/4jmsolutions.com\/fr\/wp-json\/wp\/v2\/pages\/14922\/revisions\/14929"}],"up":[{"embeddable":true,"href":"https:\/\/4jmsolutions.com\/fr\/wp-json\/wp\/v2\/pages\/14943"}],"wp:featuredmedia":[{"embeddable":true,"href":"https:\/\/4jmsolutions.com\/fr\/wp-json\/wp\/v2\/media\/13961"}],"wp:attachment":[{"href":"https:\/\/4jmsolutions.com\/fr\/wp-json\/wp\/v2\/media?parent=14922"}],"wp:term":[{"taxonomy":"industry","embeddable":true,"href":"https:\/\/4jmsolutions.com\/fr\/wp-json\/wp\/v2\/industry?post=14922"},{"taxonomy":"maincategory","embeddable":true,"href":"https:\/\/4jmsolutions.com\/fr\/wp-json\/wp\/v2\/maincategory?post=14922"},{"taxonomy":"package","embeddable":true,"href":"https:\/\/4jmsolutions.com\/fr\/wp-json\/wp\/v2\/package?post=14922"},{"taxonomy":"process-features","embeddable":true,"href":"https:\/\/4jmsolutions.com\/fr\/wp-json\/wp\/v2\/process-features?post=14922"},{"taxonomy":"sub-category","embeddable":true,"href":"https:\/\/4jmsolutions.com\/fr\/wp-json\/wp\/v2\/sub-category?post=14922"}],"curies":[{"name":"wp","href":"https:\/\/api.w.org\/{rel}","templated":true}]}}