{"id":15407,"date":"2022-10-03T06:58:20","date_gmt":"2022-10-03T06:58:20","guid":{"rendered":"https:\/\/newsite.com\/equipement\/semiconducteur-detection-composants-discrets\/front-end\/reconstruction-des-wafres\/trooper-v-wafer-level-aoi-handler-for-wafer-reconstructio\/"},"modified":"2024-02-27T10:00:05","modified_gmt":"2024-02-27T10:00:05","slug":"gestionnaire-aoi-au-niveau-de-la-plaquette-trooper-v","status":"publish","type":"page","link":"https:\/\/4jmsolutions.com\/fr\/equipement\/semiconducteur-detection-composants-discrets\/front-end\/reconstruction-des-wafres\/gestionnaire-aoi-au-niveau-de-la-plaquette-trooper-v\/","title":{"rendered":"Gestionnaire AOI au niveau de la plaquette Trooper-V"},"content":{"rendered":"\t\t<div data-elementor-type=\"wp-page\" data-elementor-id=\"15407\" class=\"elementor elementor-15407\" data-elementor-post-type=\"page\">\n\t\t\t\t\t\t<section data-particle_enable=\"false\" data-particle-mobile-disabled=\"false\" class=\"elementor-section elementor-top-section elementor-element elementor-element-4c9d47a6 elementor-section-stretched elementor-section-boxed elementor-section-height-default elementor-section-height-default\" data-id=\"4c9d47a6\" data-element_type=\"section\" data-settings=\"{&quot;stretch_section&quot;:&quot;section-stretched&quot;,&quot;animation&quot;:&quot;none&quot;}\">\n\t\t\t\t\t\t<div class=\"elementor-container elementor-column-gap-default\">\n\t\t\t\t\t<div class=\"elementor-column elementor-col-50 elementor-top-column elementor-element elementor-element-353cf2a4\" data-id=\"353cf2a4\" data-element_type=\"column\">\n\t\t\t<div class=\"elementor-widget-wrap elementor-element-populated\">\n\t\t\t\t\t\t<div class=\"elementor-element elementor-element-35b93b1a elementor-widget elementor-widget-heading\" data-id=\"35b93b1a\" data-element_type=\"widget\" data-widget_type=\"heading.default\">\n\t\t\t\t<div class=\"elementor-widget-container\">\n\t\t\t<style>\/*! elementor - v3.19.0 - 28-02-2024 *\/\n.elementor-heading-title{padding:0;margin:0;line-height:1}.elementor-widget-heading .elementor-heading-title[class*=elementor-size-]>a{color:inherit;font-size:inherit;line-height:inherit}.elementor-widget-heading .elementor-heading-title.elementor-size-small{font-size:15px}.elementor-widget-heading .elementor-heading-title.elementor-size-medium{font-size:19px}.elementor-widget-heading .elementor-heading-title.elementor-size-large{font-size:29px}.elementor-widget-heading .elementor-heading-title.elementor-size-xl{font-size:39px}.elementor-widget-heading .elementor-heading-title.elementor-size-xxl{font-size:59px}<\/style><h5 class=\"elementor-heading-title elementor-size-default\">Gestionnaire AOI au niveau de la tranche Trooper-V<\/h5>\t\t<\/div>\n\t\t\t\t<\/div>\n\t\t\t\t<div class=\"elementor-element elementor-element-5ae5fdd7 elementor-widget elementor-widget-text-editor\" data-id=\"5ae5fdd7\" data-element_type=\"widget\" data-widget_type=\"text-editor.default\">\n\t\t\t\t<div class=\"elementor-widget-container\">\n\t\t\t<style>\/*! elementor - v3.19.0 - 28-02-2024 *\/\n.elementor-widget-text-editor.elementor-drop-cap-view-stacked .elementor-drop-cap{background-color:#69727d;color:#fff}.elementor-widget-text-editor.elementor-drop-cap-view-framed .elementor-drop-cap{color:#69727d;border:3px solid;background-color:transparent}.elementor-widget-text-editor:not(.elementor-drop-cap-view-default) .elementor-drop-cap{margin-top:8px}.elementor-widget-text-editor:not(.elementor-drop-cap-view-default) .elementor-drop-cap-letter{width:1em;height:1em}.elementor-widget-text-editor .elementor-drop-cap{float:left;text-align:center;line-height:1;font-size:50px}.elementor-widget-text-editor .elementor-drop-cap-letter{display:inline-block}<\/style>\t\t\t\t<p><span style=\"font-weight: 400;\">Trooper-V est un gestionnaire AOI haute vitesse de niveau sup\u00e9rieur con\u00e7u pour les packages au niveau des tranches. En seulement 2 minutes, le syst\u00e8me d&rsquo;inspection Trooper V est capable d&rsquo;inspecter une plaquette enti\u00e8re compos\u00e9e d&rsquo;environ 70 000 puces avec un objectif de haute qualit\u00e9. Il permet diff\u00e9rents niveaux de grossissement pour s&rsquo;adapter \u00e0 diff\u00e9rents types et tailles de puces disponibles dans diff\u00e9rentes conceptions en fonction des exigences de nos clients. l&rsquo;un qui lui permet de fonctionner dans des salles blanches (classe niveau 10) et l&rsquo;autre qui peut fonctionner dans des ateliers de production standard.<\/span><\/p><ul><li style=\"font-weight: 400;\" aria-level=\"1\"><span style=\"font-weight: 400;\">Plaquette par heure +30 plaquettes<\/span><\/li><li style=\"font-weight: 400;\" aria-level=\"1\"><span style=\"font-weight: 400;\">Plaquette brute (6, 8\u2033 ou 12\u2033) Anneau de plaquette Mylar (6, 8\u2033 ou 12)<\/span><\/li><li style=\"font-weight: 400;\" aria-level=\"1\"><span style=\"font-weight: 400;\">Microscope avanc\u00e9 avec capacit\u00e9 de champ clair et sombre<\/span><\/li><li style=\"font-weight: 400;\" aria-level=\"1\"><span style=\"font-weight: 400;\">Objectif d&rsquo;objectif de haute qualit\u00e9 (grossissement 2,0x 5,0X 7)<\/span><\/li><li style=\"font-weight: 400;\" aria-level=\"1\"><span style=\"font-weight: 400;\">\u00c9clairage de la source lumineuse avec configuration RVB<\/span><\/li><li style=\"font-weight: 400;\" aria-level=\"1\"><span style=\"font-weight: 400;\">Technologie d&rsquo;imagerie infrarouge \u00e0 ondes courtes (SWIR) pour SiC<\/span><\/li><li style=\"font-weight: 400;\" aria-level=\"1\"><span style=\"font-weight: 400;\">G\u00e9n\u00e9ration de cartes de plaquettes personnalisables<\/span><\/li><li style=\"font-weight: 400;\" aria-level=\"1\"><span style=\"font-weight: 400;\">Int\u00e9grable avec la gestion de plusieurs tailles de plaquettes<\/span><\/li><li style=\"font-weight: 400;\" aria-level=\"1\"><span style=\"font-weight: 400;\">Angle XY d&rsquo;alignement de pr\u00e9-plaquette<\/span><\/li><li style=\"font-weight: 400;\" aria-level=\"1\"><span style=\"font-weight: 400;\">Inspection de la surface de la matrice (fissure par rayures, \u00e9caillage du m\u00e9tal, mati\u00e8re \u00e9trang\u00e8re coup\u00e9e mal align\u00e9e, d\u00e9bris de bord de fraise manquants, reconnaissance optique de caract\u00e8res, capacit\u00e9s de vision de pelage du polyimide, fabriqu\u00e9 et contamination )<\/span><\/li><\/ul>\t\t\t\t\t\t<\/div>\n\t\t\t\t<\/div>\n\t\t\t\t<div class=\"elementor-element elementor-element-6b3ef1ad elementor-align-left elementor-tablet-align-center elementor-mobile-align-center elementor-invisible elementor-widget elementor-widget-button\" data-id=\"6b3ef1ad\" data-element_type=\"widget\" data-settings=\"{&quot;_animation&quot;:&quot;slideInUp&quot;}\" data-widget_type=\"button.default\">\n\t\t\t\t<div class=\"elementor-widget-container\">\n\t\t\t\t\t<div class=\"elementor-button-wrapper\">\n\t\t\t<a class=\"elementor-button elementor-button-link elementor-size-md\" href=\"https:\/\/4jmsolutions.com\/contact\/\" id=\"15407\">\n\t\t\t\t\t\t<span class=\"elementor-button-content-wrapper\">\n\t\t\t\t\t\t<span class=\"elementor-button-text\">Demande d'information<\/span>\n\t\t<\/span>\n\t\t\t\t\t<\/a>\n\t\t<\/div>\n\t\t\t\t<\/div>\n\t\t\t\t<\/div>\n\t\t\t\t\t<\/div>\n\t\t<\/div>\n\t\t\t\t<div class=\"elementor-column elementor-col-50 elementor-top-column elementor-element elementor-element-47850157\" data-id=\"47850157\" data-element_type=\"column\">\n\t\t\t<div class=\"elementor-widget-wrap elementor-element-populated\">\n\t\t\t\t\t\t<div class=\"elementor-element elementor-element-518c5c1c elementor-widget elementor-widget-image-gallery\" data-id=\"518c5c1c\" data-element_type=\"widget\" data-widget_type=\"image-gallery.default\">\n\t\t\t\t<div class=\"elementor-widget-container\">\n\t\t\t<style>\/*! elementor - v3.19.0 - 28-02-2024 *\/\n.elementor-image-gallery .gallery-item{display:inline-block;text-align:center;vertical-align:top;width:100%;max-width:100%;margin:0 auto}.elementor-image-gallery .gallery-item img{margin:0 auto}.elementor-image-gallery .gallery-item .gallery-caption{margin:0}.elementor-image-gallery figure img{display:block}.elementor-image-gallery figure figcaption{width:100%}.gallery-spacing-custom .elementor-image-gallery .gallery-icon{padding:0}@media (min-width:768px){.elementor-image-gallery .gallery-columns-2 .gallery-item{max-width:50%}.elementor-image-gallery .gallery-columns-3 .gallery-item{max-width:33.33%}.elementor-image-gallery .gallery-columns-4 .gallery-item{max-width:25%}.elementor-image-gallery .gallery-columns-5 .gallery-item{max-width:20%}.elementor-image-gallery .gallery-columns-6 .gallery-item{max-width:16.666%}.elementor-image-gallery .gallery-columns-7 .gallery-item{max-width:14.28%}.elementor-image-gallery .gallery-columns-8 .gallery-item{max-width:12.5%}.elementor-image-gallery .gallery-columns-9 .gallery-item{max-width:11.11%}.elementor-image-gallery .gallery-columns-10 .gallery-item{max-width:10%}}@media (min-width:480px) and (max-width:767px){.elementor-image-gallery .gallery.gallery-columns-2 .gallery-item,.elementor-image-gallery .gallery.gallery-columns-3 .gallery-item,.elementor-image-gallery .gallery.gallery-columns-4 .gallery-item,.elementor-image-gallery .gallery.gallery-columns-5 .gallery-item,.elementor-image-gallery .gallery.gallery-columns-6 .gallery-item,.elementor-image-gallery .gallery.gallery-columns-7 .gallery-item,.elementor-image-gallery .gallery.gallery-columns-8 .gallery-item,.elementor-image-gallery .gallery.gallery-columns-9 .gallery-item,.elementor-image-gallery .gallery.gallery-columns-10 .gallery-item{max-width:50%}}@media (max-width:479px){.elementor-image-gallery .gallery.gallery-columns-2 .gallery-item,.elementor-image-gallery .gallery.gallery-columns-3 .gallery-item,.elementor-image-gallery .gallery.gallery-columns-4 .gallery-item,.elementor-image-gallery .gallery.gallery-columns-5 .gallery-item,.elementor-image-gallery .gallery.gallery-columns-6 .gallery-item,.elementor-image-gallery .gallery.gallery-columns-7 .gallery-item,.elementor-image-gallery .gallery.gallery-columns-8 .gallery-item,.elementor-image-gallery .gallery.gallery-columns-9 .gallery-item,.elementor-image-gallery .gallery.gallery-columns-10 .gallery-item{max-width:100%}}<\/style>\t\t<div class=\"elementor-image-gallery\">\n\t\t\t\n\t\t<style type=\"text\/css\">\n\t\t\t#gallery-1 {\n\t\t\t\tmargin: auto;\n\t\t\t}\n\t\t\t#gallery-1 .gallery-item {\n\t\t\t\tfloat: left;\n\t\t\t\tmargin-top: 10px;\n\t\t\t\ttext-align: center;\n\t\t\t\twidth: 100%;\n\t\t\t}\n\t\t\t#gallery-1 img {\n\t\t\t\tborder: 2px solid #cfcfcf;\n\t\t\t}\n\t\t\t#gallery-1 .gallery-caption {\n\t\t\t\tmargin-left: 0;\n\t\t\t}\n\t\t\t\/* see gallery_shortcode() in wp-includes\/media.php *\/\n\t\t<\/style>\n\t\t<div id='gallery-1' class='gallery galleryid-15407 gallery-columns-1 gallery-size-full'><dl class='gallery-item'>\n\t\t\t<dt class='gallery-icon portrait'>\n\t\t\t\t<a data-elementor-open-lightbox=\"yes\" data-elementor-lightbox-slideshow=\"518c5c1c\" data-elementor-lightbox-title=\"Trooper-V-Wafer-Level-AOI-Handler\" data-e-action-hash=\"#elementor-action%3Aaction%3Dlightbox%26settings%3DeyJpZCI6MTIyNDUsInVybCI6Imh0dHBzOlwvXC80am1zb2x1dGlvbnMuY29tXC93cC1jb250ZW50XC91cGxvYWRzXC8yMDIyXC8xMFwvd2FmZXItYW9pLXN5c3RlbS0xLTM5M3g0MzYtMS5wbmciLCJzbGlkZXNob3ciOiI1MThjNWMxYyJ9\" href='https:\/\/4jmsolutions.com\/wp-content\/uploads\/2022\/10\/wafer-aoi-system-1-393x436-1.png'><img fetchpriority=\"high\" decoding=\"async\" width=\"393\" height=\"436\" src=\"https:\/\/4jmsolutions.com\/wp-content\/uploads\/2022\/10\/wafer-aoi-system-1-393x436-1.png\" class=\"attachment-full size-full\" alt=\"\" srcset=\"https:\/\/4jmsolutions.com\/wp-content\/uploads\/2022\/10\/wafer-aoi-system-1-393x436-1.png 393w, https:\/\/4jmsolutions.com\/wp-content\/uploads\/2022\/10\/wafer-aoi-system-1-393x436-1-270x300.png 270w\" sizes=\"(max-width: 393px) 100vw, 393px\" \/><\/a>\n\t\t\t<\/dt><\/dl><br style=\"clear: both\" \/>\n\t\t<\/div>\n\t\t<\/div>\n\t\t\t\t<\/div>\n\t\t\t\t<\/div>\n\t\t\t\t\t<\/div>\n\t\t<\/div>\n\t\t\t\t\t<\/div>\n\t\t<\/section>\n\t\t\t\t<\/div>\n\t\t","protected":false},"excerpt":{"rendered":"<p>Gestionnaire AOI au niveau de la tranche Trooper-V Trooper-V est un gestionnaire AOI haute vitesse de niveau sup\u00e9rieur con\u00e7u pour les packages au niveau des tranches. En seulement 2 minutes, le syst\u00e8me d&rsquo;inspection Trooper V est capable d&rsquo;inspecter une plaquette enti\u00e8re compos\u00e9e d&rsquo;environ 70 000 puces avec un objectif de haute qualit\u00e9. Il permet diff\u00e9rents [&hellip;]<\/p>\n","protected":false},"author":3,"featured_media":13381,"parent":14717,"menu_order":214,"comment_status":"closed","ping_status":"closed","template":"","meta":{"footnotes":""},"industry":[],"maincategory":[],"package":[],"process-features":[],"sub-category":[],"acf":[],"yoast_head":"<!-- This site is optimized with the Yoast SEO Premium plugin v20.5 (Yoast SEO v22.1) - https:\/\/yoast.com\/wordpress\/plugins\/seo\/ -->\n<title>Gestionnaire AOI au niveau de la plaquette Trooper-V - 4JMSolutions<\/title>\n<meta name=\"description\" content=\"Trooper-V is a high speed wafer-level AOI handler. It can detect: (Scratch Crack, Chipping Metal Peeling,Foreign Material Missing Die Edge Bur\" \/>\n<meta name=\"robots\" content=\"index, follow, max-snippet:-1, max-image-preview:large, max-video-preview:-1\" \/>\n<link rel=\"canonical\" href=\"https:\/\/4jmsolutions.com\/fr\/equipement\/semiconducteur-detection-composants-discrets\/front-end\/reconstruction-des-wafres\/gestionnaire-aoi-au-niveau-de-la-plaquette-trooper-v\/\" \/>\n<meta property=\"og:locale\" content=\"fr_FR\" \/>\n<meta property=\"og:type\" content=\"article\" \/>\n<meta property=\"og:title\" content=\"Gestionnaire AOI au niveau de la plaquette Trooper-V\" \/>\n<meta property=\"og:description\" content=\"Trooper-V is a high speed wafer-level AOI handler. It can detect: (Scratch Crack, Chipping Metal Peeling,Foreign Material Missing Die Edge Bur\" \/>\n<meta property=\"og:url\" content=\"https:\/\/4jmsolutions.com\/fr\/equipement\/semiconducteur-detection-composants-discrets\/front-end\/reconstruction-des-wafres\/gestionnaire-aoi-au-niveau-de-la-plaquette-trooper-v\/\" \/>\n<meta property=\"og:site_name\" content=\"4JMSolutions\" \/>\n<meta property=\"article:modified_time\" content=\"2024-02-27T10:00:05+00:00\" \/>\n<meta property=\"og:image\" content=\"https:\/\/4jmsolutions.com\/wp-content\/uploads\/2022\/11\/trooper-v-wafer-level-aoi-handler-thumbnail-2.png\" \/>\n\t<meta property=\"og:image:width\" content=\"635\" \/>\n\t<meta property=\"og:image:height\" content=\"463\" \/>\n\t<meta property=\"og:image:type\" content=\"image\/png\" \/>\n<meta name=\"twitter:card\" content=\"summary_large_image\" \/>\n<meta name=\"twitter:label1\" content=\"Dur\u00e9e de lecture estim\u00e9e\" \/>\n\t<meta name=\"twitter:data1\" content=\"2 minutes\" \/>\n<script type=\"application\/ld+json\" class=\"yoast-schema-graph\">{\"@context\":\"https:\/\/schema.org\",\"@graph\":[{\"@type\":\"WebPage\",\"@id\":\"https:\/\/4jmsolutions.com\/fr\/equipement\/semiconducteur-detection-composants-discrets\/front-end\/reconstruction-des-wafres\/gestionnaire-aoi-au-niveau-de-la-plaquette-trooper-v\/\",\"url\":\"https:\/\/4jmsolutions.com\/fr\/equipement\/semiconducteur-detection-composants-discrets\/front-end\/reconstruction-des-wafres\/gestionnaire-aoi-au-niveau-de-la-plaquette-trooper-v\/\",\"name\":\"Gestionnaire AOI au niveau de la plaquette Trooper-V - 4JMSolutions\",\"isPartOf\":{\"@id\":\"https:\/\/4jmsolutions.com\/#website\"},\"datePublished\":\"2022-10-03T06:58:20+00:00\",\"dateModified\":\"2024-02-27T10:00:05+00:00\",\"description\":\"Trooper-V is a high speed wafer-level AOI handler. It can detect: (Scratch Crack, Chipping Metal Peeling,Foreign Material Missing Die Edge Bur\",\"breadcrumb\":{\"@id\":\"https:\/\/4jmsolutions.com\/fr\/equipement\/semiconducteur-detection-composants-discrets\/front-end\/reconstruction-des-wafres\/gestionnaire-aoi-au-niveau-de-la-plaquette-trooper-v\/#breadcrumb\"},\"inLanguage\":\"fr-FR\",\"potentialAction\":[{\"@type\":\"ReadAction\",\"target\":[\"https:\/\/4jmsolutions.com\/fr\/equipement\/semiconducteur-detection-composants-discrets\/front-end\/reconstruction-des-wafres\/gestionnaire-aoi-au-niveau-de-la-plaquette-trooper-v\/\"]}]},{\"@type\":\"BreadcrumbList\",\"@id\":\"https:\/\/4jmsolutions.com\/fr\/equipement\/semiconducteur-detection-composants-discrets\/front-end\/reconstruction-des-wafres\/gestionnaire-aoi-au-niveau-de-la-plaquette-trooper-v\/#breadcrumb\",\"itemListElement\":[{\"@type\":\"ListItem\",\"position\":1,\"name\":\"Home\",\"item\":\"https:\/\/4jmsolutions.com\/\"},{\"@type\":\"ListItem\",\"position\":2,\"name\":\"Equipement\",\"item\":\"https:\/\/4jmsolutions.com\/fr\/equipement\/\"},{\"@type\":\"ListItem\",\"position\":3,\"name\":\"Semiconducteur Detection Composants Discrets\",\"item\":\"https:\/\/4jmsolutions.com\/fr\/equipement\/semiconducteur-detection-composants-discrets\/\"},{\"@type\":\"ListItem\",\"position\":4,\"name\":\"Machines Front-End\",\"item\":\"https:\/\/4jmsolutions.com\/fr\/equipement\/semiconducteur-detection-composants-discrets\/front-end\/\"},{\"@type\":\"ListItem\",\"position\":5,\"name\":\"Reconstruction des wafres\",\"item\":\"https:\/\/4jmsolutions.com\/fr\/equipement\/semiconducteur-detection-composants-discrets\/front-end\/reconstruction-des-wafres\/\"},{\"@type\":\"ListItem\",\"position\":6,\"name\":\"Gestionnaire AOI au niveau de la plaquette Trooper-V\"}]},{\"@type\":\"WebSite\",\"@id\":\"https:\/\/4jmsolutions.com\/#website\",\"url\":\"https:\/\/4jmsolutions.com\/\",\"name\":\"4JMSolutions\",\"description\":\"\",\"potentialAction\":[{\"@type\":\"SearchAction\",\"target\":{\"@type\":\"EntryPoint\",\"urlTemplate\":\"https:\/\/4jmsolutions.com\/?s={search_term_string}\"},\"query-input\":\"required name=search_term_string\"}],\"inLanguage\":\"fr-FR\"}]}<\/script>\n<!-- \/ Yoast SEO Premium plugin. -->","yoast_head_json":{"title":"Gestionnaire AOI au niveau de la plaquette Trooper-V - 4JMSolutions","description":"Trooper-V is a high speed wafer-level AOI handler. It can detect: (Scratch Crack, Chipping Metal Peeling,Foreign Material Missing Die Edge Bur","robots":{"index":"index","follow":"follow","max-snippet":"max-snippet:-1","max-image-preview":"max-image-preview:large","max-video-preview":"max-video-preview:-1"},"canonical":"https:\/\/4jmsolutions.com\/fr\/equipement\/semiconducteur-detection-composants-discrets\/front-end\/reconstruction-des-wafres\/gestionnaire-aoi-au-niveau-de-la-plaquette-trooper-v\/","og_locale":"fr_FR","og_type":"article","og_title":"Gestionnaire AOI au niveau de la plaquette Trooper-V","og_description":"Trooper-V is a high speed wafer-level AOI handler. It can detect: (Scratch Crack, Chipping Metal Peeling,Foreign Material Missing Die Edge Bur","og_url":"https:\/\/4jmsolutions.com\/fr\/equipement\/semiconducteur-detection-composants-discrets\/front-end\/reconstruction-des-wafres\/gestionnaire-aoi-au-niveau-de-la-plaquette-trooper-v\/","og_site_name":"4JMSolutions","article_modified_time":"2024-02-27T10:00:05+00:00","og_image":[{"width":635,"height":463,"url":"https:\/\/4jmsolutions.com\/wp-content\/uploads\/2022\/11\/trooper-v-wafer-level-aoi-handler-thumbnail-2.png","type":"image\/png"}],"twitter_card":"summary_large_image","twitter_misc":{"Dur\u00e9e de lecture estim\u00e9e":"2 minutes"},"schema":{"@context":"https:\/\/schema.org","@graph":[{"@type":"WebPage","@id":"https:\/\/4jmsolutions.com\/fr\/equipement\/semiconducteur-detection-composants-discrets\/front-end\/reconstruction-des-wafres\/gestionnaire-aoi-au-niveau-de-la-plaquette-trooper-v\/","url":"https:\/\/4jmsolutions.com\/fr\/equipement\/semiconducteur-detection-composants-discrets\/front-end\/reconstruction-des-wafres\/gestionnaire-aoi-au-niveau-de-la-plaquette-trooper-v\/","name":"Gestionnaire AOI au niveau de la plaquette Trooper-V - 4JMSolutions","isPartOf":{"@id":"https:\/\/4jmsolutions.com\/#website"},"datePublished":"2022-10-03T06:58:20+00:00","dateModified":"2024-02-27T10:00:05+00:00","description":"Trooper-V is a high speed wafer-level AOI handler. It can detect: (Scratch Crack, Chipping Metal Peeling,Foreign Material Missing Die Edge Bur","breadcrumb":{"@id":"https:\/\/4jmsolutions.com\/fr\/equipement\/semiconducteur-detection-composants-discrets\/front-end\/reconstruction-des-wafres\/gestionnaire-aoi-au-niveau-de-la-plaquette-trooper-v\/#breadcrumb"},"inLanguage":"fr-FR","potentialAction":[{"@type":"ReadAction","target":["https:\/\/4jmsolutions.com\/fr\/equipement\/semiconducteur-detection-composants-discrets\/front-end\/reconstruction-des-wafres\/gestionnaire-aoi-au-niveau-de-la-plaquette-trooper-v\/"]}]},{"@type":"BreadcrumbList","@id":"https:\/\/4jmsolutions.com\/fr\/equipement\/semiconducteur-detection-composants-discrets\/front-end\/reconstruction-des-wafres\/gestionnaire-aoi-au-niveau-de-la-plaquette-trooper-v\/#breadcrumb","itemListElement":[{"@type":"ListItem","position":1,"name":"Home","item":"https:\/\/4jmsolutions.com\/"},{"@type":"ListItem","position":2,"name":"Equipement","item":"https:\/\/4jmsolutions.com\/fr\/equipement\/"},{"@type":"ListItem","position":3,"name":"Semiconducteur Detection Composants Discrets","item":"https:\/\/4jmsolutions.com\/fr\/equipement\/semiconducteur-detection-composants-discrets\/"},{"@type":"ListItem","position":4,"name":"Machines Front-End","item":"https:\/\/4jmsolutions.com\/fr\/equipement\/semiconducteur-detection-composants-discrets\/front-end\/"},{"@type":"ListItem","position":5,"name":"Reconstruction des wafres","item":"https:\/\/4jmsolutions.com\/fr\/equipement\/semiconducteur-detection-composants-discrets\/front-end\/reconstruction-des-wafres\/"},{"@type":"ListItem","position":6,"name":"Gestionnaire AOI au niveau de la plaquette Trooper-V"}]},{"@type":"WebSite","@id":"https:\/\/4jmsolutions.com\/#website","url":"https:\/\/4jmsolutions.com\/","name":"4JMSolutions","description":"","potentialAction":[{"@type":"SearchAction","target":{"@type":"EntryPoint","urlTemplate":"https:\/\/4jmsolutions.com\/?s={search_term_string}"},"query-input":"required name=search_term_string"}],"inLanguage":"fr-FR"}]}},"_links":{"self":[{"href":"https:\/\/4jmsolutions.com\/fr\/wp-json\/wp\/v2\/pages\/15407"}],"collection":[{"href":"https:\/\/4jmsolutions.com\/fr\/wp-json\/wp\/v2\/pages"}],"about":[{"href":"https:\/\/4jmsolutions.com\/fr\/wp-json\/wp\/v2\/types\/page"}],"author":[{"embeddable":true,"href":"https:\/\/4jmsolutions.com\/fr\/wp-json\/wp\/v2\/users\/3"}],"replies":[{"embeddable":true,"href":"https:\/\/4jmsolutions.com\/fr\/wp-json\/wp\/v2\/comments?post=15407"}],"version-history":[{"count":7,"href":"https:\/\/4jmsolutions.com\/fr\/wp-json\/wp\/v2\/pages\/15407\/revisions"}],"predecessor-version":[{"id":15421,"href":"https:\/\/4jmsolutions.com\/fr\/wp-json\/wp\/v2\/pages\/15407\/revisions\/15421"}],"up":[{"embeddable":true,"href":"https:\/\/4jmsolutions.com\/fr\/wp-json\/wp\/v2\/pages\/14717"}],"wp:featuredmedia":[{"embeddable":true,"href":"https:\/\/4jmsolutions.com\/fr\/wp-json\/wp\/v2\/media\/13381"}],"wp:attachment":[{"href":"https:\/\/4jmsolutions.com\/fr\/wp-json\/wp\/v2\/media?parent=15407"}],"wp:term":[{"taxonomy":"industry","embeddable":true,"href":"https:\/\/4jmsolutions.com\/fr\/wp-json\/wp\/v2\/industry?post=15407"},{"taxonomy":"maincategory","embeddable":true,"href":"https:\/\/4jmsolutions.com\/fr\/wp-json\/wp\/v2\/maincategory?post=15407"},{"taxonomy":"package","embeddable":true,"href":"https:\/\/4jmsolutions.com\/fr\/wp-json\/wp\/v2\/package?post=15407"},{"taxonomy":"process-features","embeddable":true,"href":"https:\/\/4jmsolutions.com\/fr\/wp-json\/wp\/v2\/process-features?post=15407"},{"taxonomy":"sub-category","embeddable":true,"href":"https:\/\/4jmsolutions.com\/fr\/wp-json\/wp\/v2\/sub-category?post=15407"}],"curies":[{"name":"wp","href":"https:\/\/api.w.org\/{rel}","templated":true}]}}